{"id":54260,"date":"2023-01-17T10:19:26","date_gmt":"2023-01-17T07:19:26","guid":{"rendered":"https:\/\/serhatdonmezer.com\/?page_id=54260"},"modified":"2023-12-27T18:01:29","modified_gmt":"2023-12-27T15:01:29","slug":"%d8%aa%d9%83%d8%a8%d9%8a%d8%b1-%d8%a7%d9%84%d9%82%d8%b6%d9%8a%d8%a8","status":"publish","type":"page","link":"https:\/\/serhatdonmezer.com\/ar\/penis-buyutme\/","title":{"rendered":"\u062a\u0643\u0628\u064a\u0631 \u0627\u0644\u0642\u0636\u064a\u0628"},"content":{"rendered":"<div data-elementor-type=\"wp-page\" data-elementor-id=\"54260\" class=\"elementor elementor-54260\">\n\t\t\t\t\t\t\t\t\t<section class=\"elementor-section elementor-top-section elementor-element elementor-element-352df2e5 elementor-section-boxed elementor-section-height-default elementor-section-height-default\" data-id=\"352df2e5\" data-element_type=\"section\">\n\t\t\t\t\t\t<div class=\"elementor-container elementor-column-gap-default\">\n\t\t\t\t\t<div class=\"elementor-column elementor-col-50 elementor-top-column elementor-element elementor-element-10f8ac31\" data-id=\"10f8ac31\" data-element_type=\"column\">\n\t\t\t<div class=\"elementor-widget-wrap elementor-element-populated\">\n\t\t\t\t\t\t\t\t<div class=\"elementor-element elementor-element-255f6cf6 elementor-widget elementor-widget-text-editor\" data-id=\"255f6cf6\" data-element_type=\"widget\" data-widget_type=\"text-editor.default\">\n\t\t\t\t<div class=\"elementor-widget-container\">\n\t\t\t\t\t\t\t<p>\u00a0<\/p><p>\u0644\u0642\u062f \u062a\u0637\u0648\u0631\u062a \u062c\u0645\u0627\u0644\u064a\u0627\u062a \u0627\u0644\u0623\u0639\u0636\u0627\u0621 \u0627\u0644\u062a\u0646\u0627\u0633\u0644\u064a\u0629 \u0644\u062f\u0649 \u0627\u0644\u0631\u062c\u0627\u0644 \u0628\u0634\u0643\u0644 \u0625\u064a\u062c\u0627\u0628\u064a \u0641\u064a \u0627\u0644\u0633\u0646\u0648\u0627\u062a \u0627\u0644\u0623\u062e\u064a\u0631\u0629. \u0648\u064a\u0644\u0627\u062d\u0638 \u0623\u0646 \u0633\u0645\u0643 \u0627\u0644\u0642\u0636\u064a\u0628 \u064a\u0624\u062b\u0631 \u0628\u0634\u0643\u0644 \u0625\u064a\u062c\u0627\u0628\u064a \u0639\u0644\u0649 \u0627\u0644\u0631\u0636\u0627 \u0627\u0644\u062c\u0646\u0633\u064a. <strong>\u062a\u0643\u0628\u064a\u0631 \u0627\u0644\u0642\u0636\u064a\u0628<\/strong> \u064a\u062c\u0628 \u0623\u0646 \u064a\u062a\u0645 \u0625\u062c\u0631\u0627\u0621 \u0627\u0644\u062c\u0631\u0627\u062d\u0629 \u0645\u0646 \u0642\u0628\u0644 \u0623\u0637\u0628\u0627\u0621 \u0627\u0644\u0645\u0633\u0627\u0644\u0643 \u0627\u0644\u0628\u0648\u0644\u064a\u0629 \u0627\u0644\u0630\u064a\u0646 \u0647\u0645 \u0639\u0644\u0649 \u062f\u0631\u0627\u064a\u0629 \u0628\u0639\u0644\u0645 \u0627\u0644\u062a\u0634\u0631\u064a\u062d \u0648\u0639\u0644\u0645 \u0648\u0638\u0627\u0626\u0641 \u0627\u0644\u0623\u0639\u0636\u0627\u0621 \u0648\u0627\u0644\u0627\u0636\u0637\u0631\u0627\u0628\u0627\u062a \u0627\u0644\u0648\u0638\u064a\u0641\u064a\u0629 \u0641\u064a \u0627\u0644\u0645\u0646\u0637\u0642\u0629. \u0641\u064a \u0627\u0644\u0648\u0642\u062a \u0627\u0644\u062d\u0627\u0636\u0631\u060c \u0647\u0646\u0627\u0643 \u062a\u0637\u0648\u0631\u0627\u062a \u0625\u064a\u062c\u0627\u0628\u064a\u0629 \u0648\u0645\u0631\u0636\u064a\u0629 \u0641\u064a \u0645\u062c\u0627\u0644 \u0627\u0644\u0635\u062d\u0629 \u0627\u0644\u062c\u0646\u0633\u064a\u0629 \u0645\u0639 \u0627\u0644\u062c\u064a\u0644 \u0627\u0644\u062c\u062f\u064a\u062f \u0645\u0646 \u0627\u0644\u0623\u0633\u0627\u0644\u064a\u0628 \u0627\u0644\u062c\u0631\u0627\u062d\u064a\u0629.<\/p><p>\u062a\u062e\u062a\u0644\u0641 \u0627\u0644\u0647\u064a\u0627\u0643\u0644 \u0627\u0644\u062a\u0646\u0627\u0633\u0644\u064a\u0629 \u0644\u062f\u0649 \u0627\u0644\u0631\u062c\u0627\u0644 \u062a\u0628\u0639\u0627\u064b \u0644\u0644\u0639\u0648\u0627\u0645\u0644 \u0627\u0644\u0648\u0631\u0627\u062b\u064a\u0629 \u0648\u0627\u0644\u0633\u0645\u0627\u062a \u0627\u0644\u062a\u0634\u0631\u064a\u062d\u064a\u0629. \u064a\u062a\u0645 \u0648\u0636\u0639 \u062e\u0637\u0629 \u0627\u0644\u062a\u062f\u062e\u0644 \u0627\u0644\u062c\u0631\u0627\u062d\u064a \u0645\u0646 \u062e\u0644\u0627\u0644 \u0627\u0644\u0641\u062d\u0635 \u0627\u0644\u0630\u064a \u064a\u062c\u0631\u064a\u0647 \u0637\u0628\u064a\u0628 \u0627\u0644\u0645\u0633\u0627\u0644\u0643 \u0627\u0644\u0628\u0648\u0644\u064a\u0629. \u0627\u0644\u062c\u0631\u0627\u062d\u0629 \u0647\u064a \u0639\u0645\u0644\u064a\u0629 \u062c\u0631\u0627\u062d\u064a\u0629 \u064a\u062a\u0645 \u0625\u062c\u0631\u0627\u0624\u0647\u0627 \u0639\u0644\u0649 \u0627\u0644\u0623\u0634\u062e\u0627\u0635 \u0627\u0644\u0630\u064a\u0646 \u064a\u0643\u0648\u0646 \u0637\u0648\u0644 \u0642\u0636\u064a\u0628\u0647\u0645 \u0623\u0642\u0644 \u0645\u0646 \u062d\u062c\u0645 \u0645\u0639\u064a\u0646 \u0623\u0648 \u0639\u0644\u0649 \u0627\u0644\u0631\u062c\u0627\u0644 \u063a\u064a\u0631 \u0627\u0644\u0631\u0627\u0636\u064a\u0646 \u0639\u0646 \u0637\u0648\u0644 \u0642\u0636\u064a\u0628\u0647\u0645.<\/p><h2>\u0643\u064a\u0641\u064a\u0629 \u062a\u0643\u0628\u064a\u0631 \u0627\u0644\u0642\u0636\u064a\u0628\u061f<\/h2><p><img decoding=\"async\" class=\"size-medium wp-image-54284 alignleft\" src=\"https:\/\/serhatdonmezer.com\/wp-content\/uploads\/2023\/01\/penis-buyutme-ameliyati-360x240.jpg\" alt=\"\u062c\u0631\u0627\u062d\u0629 \u062a\u0643\u0628\u064a\u0631 \u0627\u0644\u0642\u0636\u064a\u0628\" width=\"360\" height=\"240\" title=\"\" srcset=\"https:\/\/serhatdonmezer.com\/wp-content\/uploads\/2023\/01\/penis-buyutme-ameliyati-360x240.jpg 360w, https:\/\/serhatdonmezer.com\/wp-content\/uploads\/2023\/01\/penis-buyutme-ameliyati-768x512.jpg 768w, https:\/\/serhatdonmezer.com\/wp-content\/uploads\/2023\/01\/penis-buyutme-ameliyati.jpg 1000w\" sizes=\"(max-width: 360px) 100vw, 360px\" \/><\/p><p>\u064a\u062a\u0643\u0648\u0646 \u0627\u0644\u0642\u0636\u064a\u0628 \u0645\u0646 \u062b\u0644\u0627\u062b\u0629 \u0623\u062c\u0632\u0627\u0621 \u0645\u062e\u062a\u0644\u0641\u0629: \u062d\u0634\u0641\u0629 (\u0631\u0623\u0633 \u0627\u0644\u0642\u0636\u064a\u0628)\u060c \u0627\u0644\u062c\u0633\u0645 \u0627\u0644\u0643\u0647\u0641\u064a (\u0627\u0644\u0647\u064a\u0627\u0643\u0644 \u0627\u0644\u0645\u0634\u0627\u0631\u0643\u0629 \u0641\u064a \u0627\u0646\u062a\u0635\u0627\u0628 \u0627\u0644\u0642\u0636\u064a\u0628) \u0648\u0627\u0644\u0625\u062d\u0644\u064a\u0644 (\u0627\u0644\u0642\u0646\u0627\u0629 \u0627\u0644\u0628\u0648\u0644\u064a\u0629). \u0627\u0639\u062a\u0645\u0627\u062f\u064b\u0627 \u0639\u0644\u0649 \u0623\u0633\u0628\u0627\u0628 \u0627\u0644\u0646\u0645\u0648\u060c \u064a\u0645\u0643\u0646 \u0623\u0646 \u064a\u0638\u0647\u0631 \u0628\u0623\u0637\u0648\u0627\u0644 \u0648\u0623\u0634\u0643\u0627\u0644 \u0645\u062e\u062a\u0644\u0641\u0629. \u0639\u0645\u0648\u0645\u064b\u0627 <strong>\u062a\u0643\u0628\u064a\u0631 \u0627\u0644\u0642\u0636\u064a\u0628<\/strong> \u062a\u062a\u0645 \u0645\u0646\u0627\u0642\u0634\u0629 \u0639\u0645\u0644\u064a\u0629 \u0627\u0644\u062c\u0631\u0627\u062d\u0629 \u062a\u062d\u062a \u0639\u0646\u0648\u0627\u0646\u064a\u0646: \u062a\u0637\u0648\u064a\u0644 \u0627\u0644\u0642\u0636\u064a\u0628 \u0648\u062a\u062b\u062e\u064a\u0646\u0647.<\/p><p>\u064a\u062a\u0645 \u0625\u062c\u0631\u0627\u0621 \u0627\u0644\u0641\u062d\u0635 \u0627\u0644\u0623\u0648\u0644\u064a \u0645\u0646 \u0642\u0628\u0644 \u0645\u062a\u062e\u0635\u0635 \u0641\u064a \u0645\u062c\u0627\u0644 \u062c\u0631\u0627\u062d\u0629 \u0627\u0644\u0645\u0633\u0627\u0644\u0643 \u0627\u0644\u0628\u0648\u0644\u064a\u0629. \u064a\u062a\u0645 \u062a\u0634\u062e\u064a\u0635 \u0627\u0644\u062d\u0627\u0644\u0627\u062a \u0627\u0644\u062a\u064a \u062a\u0624\u062b\u0631 \u0633\u0644\u0628\u064b\u0627 \u0639\u0644\u0649 \u0627\u0644\u0635\u062d\u0629 \u0627\u0644\u062c\u0646\u0633\u064a\u0629 \u0644\u0644\u0634\u062e\u0635. \u0648\u0645\u0646 \u062b\u0645 \u064a\u062c\u0628 \u0627\u0644\u062a\u0623\u0643\u062f \u0645\u0646 \u0645\u062f\u0649 \u0645\u0644\u0627\u0621\u0645\u0629 \u0627\u0644\u0645\u0631\u064a\u0636 \u0644\u0644\u062a\u062f\u062e\u0644 \u0627\u0644\u062a\u062c\u0645\u064a\u0644\u064a \u0645\u0646 \u0642\u0628\u0644 \u0637\u0628\u064a\u0628\u0647. \u0641\u064a \u062c\u0631\u0627\u062d\u0629 \u0633\u0645\u0627\u0643\u0629 \u0627\u0644\u0642\u0636\u064a\u0628\u060c \u064a\u062a\u0645 \u0625\u062c\u0631\u0627\u0621 \u0627\u0644\u0625\u062c\u0631\u0627\u0621\u0627\u062a \u062a\u062d\u062a \u0627\u0644\u062a\u062e\u062f\u064a\u0631 \u0627\u0644\u0639\u0627\u0645 \u0623\u0648 \u0627\u0644\u0645\u0648\u0636\u0639\u064a. \u0648\u064a\u062a\u0645 \u062a\u0637\u0628\u064a\u0642 \u0627\u0644\u0625\u062c\u0631\u0627\u0621\u0627\u062a \u0627\u0644\u0644\u0627\u0632\u0645\u0629 \u0628\u0645\u0627 \u064a\u062a\u0648\u0627\u0641\u0642 \u0645\u0639 \u0631\u063a\u0628\u0627\u062a \u0627\u0644\u0634\u062e\u0635 \u0648\u0627\u062d\u062a\u064a\u0627\u062c\u0627\u062a\u0647. \u0644\u0627 \u064a\u0645\u0643\u0646 \u062a\u0637\u0648\u064a\u0644 \u0627\u0644\u0642\u0636\u064a\u0628 \u0625\u0644\u0627 \u0628\u0627\u0644\u062a\u062e\u062f\u064a\u0631 \u0627\u0644\u0639\u0627\u0645.<\/p><h3>\u0645\u0627 \u0647\u064a \u0627\u0644\u0637\u0631\u0642 \u0627\u0644\u0645\u0633\u062a\u062e\u062f\u0645\u0629\u061f<\/h3><p>Temelde iki farkl\u0131 cerrahi y\u00f6nteme ba\u015fvurulur. Hangi teknik sonucunda etkili sonu\u00e7 al\u0131naca\u011f\u0131na \u00fcroloji uzmanl\u0131\u011f\u0131 \u00e7er\u00e7evesinde belirlenir. Penis bir tendonla simfisiz kemi\u011fine ba\u011fl\u0131d\u0131r. Bu ba\u011f %80 oran\u0131nda kesilir ve b\u00f6ylelikle penis boyunda 1.5-4cm de\u011fi\u015fiklik g\u00f6zlemlenir. Bu i\u015flemden \u00f6nce bat\u0131n b\u00f6lgesinden al\u0131nan ya\u011f i\u00e7in inceltme i\u015flemi uygulan\u0131r. Daha sonra bu inceltilmi\u015f ya\u011f, mevcut genital yap\u0131n\u0131n anatomik \u00f6zellikleri ve g\u00f6r\u00fcn\u00fcm\u00fcne g\u00f6re enjekte edilir.<\/p><p>\u0646\u062a\u064a\u062c\u0629 \u0644\u0623\u0633\u0628\u0627\u0628 \u0628\u064a\u0626\u064a\u0629 \u0648\u0639\u0648\u0627\u0645\u0644 \u0648\u0631\u0627\u062b\u064a\u0629\u060c \u064a\u062a\u0645 \u0645\u0644\u0627\u062d\u0638\u0629 \u0628\u0639\u0636 \u0627\u0644\u0627\u062e\u062a\u0644\u0627\u0641\u0627\u062a \u0641\u064a \u0627\u0644\u0647\u064a\u0627\u0643\u0644 \u0627\u0644\u062a\u0646\u0627\u0633\u0644\u064a\u0629. \u0648\u064a\u0644\u0627\u062d\u0638 \u0648\u062c\u0648\u062f \u0643\u062f\u0645\u0627\u062a \u0648\u062a\u0648\u0631\u0645 \u0648\u0627\u0646\u062d\u0646\u0627\u0621 \u0648\u0628\u0639\u0636 \u0627\u0644\u062a\u0634\u0648\u0647\u0627\u062a \u0641\u064a \u0645\u0638\u0647\u0631 \u0627\u0644\u0642\u0636\u064a\u0628. \u064a\u062a\u0645 \u0633\u0631\u062f \u0627\u0644\u0637\u0631\u0642 \u0627\u0644\u0645\u0633\u062a\u062e\u062f\u0645\u0629 \u0641\u064a \u0646\u0637\u0627\u0642 \u0639\u0644\u0627\u062c \u062a\u0643\u0628\u064a\u0631 \u0627\u0644\u0642\u0636\u064a\u0628 \u0639\u0644\u0649 \u0627\u0644\u0646\u062d\u0648 \u0627\u0644\u062a\u0627\u0644\u064a:<\/p><p>\u0639\u0645\u0644\u064a\u0629 \u062a\u0643\u0628\u064a\u0631 \u0627\u0644\u0642\u0636\u064a\u0628<br \/>\u062a\u0645\u062f\u064a\u062f \u0627\u0644\u0642\u0636\u064a\u0628<br \/>\u062a\u0635\u062d\u064a\u062d \u0627\u0646\u062d\u0646\u0627\u0621 \u0627\u0644\u0642\u0636\u064a\u0628<br \/>\u0633\u0645\u0627\u0643\u0629 \u0627\u0644\u0642\u0636\u064a\u0628<\/p><p><img decoding=\"async\" class=\"wp-image-54285 alignright\" src=\"https:\/\/serhatdonmezer.com\/wp-content\/uploads\/2023\/01\/penis-buyutme-operasyonu-343x240.jpg\" alt=\"\u0639\u0645\u0644\u064a\u0629 \u062a\u0643\u0628\u064a\u0631 \u0627\u0644\u0642\u0636\u064a\u0628\" width=\"284\" height=\"199\" title=\"\" srcset=\"https:\/\/serhatdonmezer.com\/wp-content\/uploads\/2023\/01\/penis-buyutme-operasyonu-343x240.jpg 343w, https:\/\/serhatdonmezer.com\/wp-content\/uploads\/2023\/01\/penis-buyutme-operasyonu.jpg 612w\" sizes=\"(max-width: 284px) 100vw, 284px\" \/><\/p><h3>\u0628\u0639\u062f \u062c\u0631\u0627\u062d\u0629 \u062a\u0643\u0628\u064a\u0631 \u0627\u0644\u0642\u0636\u064a\u0628<\/h3><p>\u0647\u0646\u0627\u0643 \u0628\u0639\u0636 \u0627\u0644\u0646\u0642\u0627\u0637 \u0627\u0644\u062a\u064a \u064a\u062c\u0628 \u0639\u0644\u0649 \u0627\u0644\u0645\u0631\u0636\u0649 \u0627\u0644\u0627\u0646\u062a\u0628\u0627\u0647 \u0625\u0644\u064a\u0647\u0627 \u0628\u0639\u062f \u0627\u0644\u062c\u0631\u0627\u062d\u0629. \u0648\u064a\u0646\u0635\u062d \u0628\u0627\u0644\u0627\u0628\u062a\u0639\u0627\u062f \u0639\u0646 \u0627\u0644\u0623\u0646\u0634\u0637\u0629 \u0627\u0644\u062a\u064a \u062a\u062a\u0637\u0644\u0628 \u0642\u0648\u0629 \u0628\u062f\u0646\u064a\u0629. \u0627\u0644\u0623\u0633\u0627\u0628\u064a\u0639 \u0627\u0644\u0623\u0648\u0644\u0649 \u0645\u0647\u0645\u0629 \u062c\u062f\u064b\u0627 \u0644\u0645\u0646\u0639 \u062a\u0644\u0641 \u0627\u0644\u0639\u0636\u0644\u0627\u062a \u0648\u0627\u0644\u0623\u0646\u0633\u062c\u0629. \u062a\u0638\u0647\u0631 \u0641\u064a \u0627\u0644\u0645\u0642\u062f\u0645\u0629 \u0639\u0648\u0627\u0645\u0644 \u0645\u062b\u0644 \u062a\u0623\u062b\u064a\u0631 \u0627\u0644\u062a\u0637\u0628\u064a\u0642 \u0639\u0644\u0649 \u0627\u0644\u0634\u062e\u0635 \u0648\u062f\u064a\u0645\u0648\u0645\u062a\u0647.<\/p><p>\u0645\u0646 \u0627\u0644\u0645\u0647\u0645 \u062c\u062f\u064b\u0627 \u0627\u0644\u0642\u064a\u0627\u0645 \u0628\u062a\u0645\u0627\u0631\u064a\u0646 \u0645\u0639\u064a\u0646\u0629 \u062e\u0644\u0627\u0644 \u0627\u0644\u0623\u0634\u0647\u0631 \u0627\u0644\u062b\u0644\u0627\u062b\u0629 \u0627\u0644\u0623\u0648\u0644\u0649 \u0628\u0639\u062f \u062c\u0631\u0627\u062d\u0629 \u062a\u0637\u0648\u064a\u0644 \u0627\u0644\u0642\u0636\u064a\u0628 \u0648\u0634\u0631\u0628 \u0627\u0644\u0633\u0648\u0627\u0626\u0644 \u0639\u0644\u0649 \u0627\u0644\u0646\u062d\u0648 \u0627\u0644\u0645\u0648\u0635\u0649 \u0628\u0647 \u0628\u0639\u062f \u062c\u0631\u0627\u062d\u0629 \u0627\u0644\u062d\u0634\u0648 \u0648\u0627\u0644\u062a\u062b\u062e\u064a\u0646. \u0644\u0627 \u064a\u0646\u0628\u063a\u064a \u0627\u0633\u062a\u0647\u0644\u0627\u0643 \u0627\u0644\u0645\u0646\u062a\u062c\u0627\u062a \u0627\u0644\u062a\u064a \u062a\u0633\u0628\u0628 \u0627\u0644\u0648\u0630\u0645\u0629. \u0648\u064a\u0646\u0635\u062d \u0628\u0627\u0644\u0627\u0628\u062a\u0639\u0627\u062f \u0639\u0646 \u0627\u0644\u062a\u062f\u062e\u064a\u0646 \u0648\u0627\u0644\u0643\u062d\u0648\u0644. \u0645\u0646 \u0623\u062c\u0644 \u0627\u0644\u062d\u0635\u0648\u0644 \u0639\u0644\u0649 \u0627\u0644\u062a\u0623\u062b\u064a\u0631 \u0627\u0644\u0645\u0637\u0644\u0648\u0628 \u0645\u0646 \u0627\u0644\u0625\u062c\u0631\u0627\u0621\u0627\u062a\u060c \u0639\u0644\u064a\u0643 \u0623\u0646 \u062a\u0623\u062e\u0630 \u0628\u0639\u064a\u0646 \u0627\u0644\u0627\u0639\u062a\u0628\u0627\u0631 \u062a\u062d\u0630\u064a\u0631\u0627\u062a \u0627\u0644\u0637\u0628\u064a\u0628.<\/p><p>\u0628\u0627\u0644\u0625\u0636\u0627\u0641\u0629 \u0625\u0644\u0649 \u0630\u0644\u0643\u060c \u064a\u062c\u0628 \u062a\u062c\u0646\u0628 \u0627\u0644\u0645\u0644\u0627\u0628\u0633 \u0627\u0644\u062a\u064a \u0645\u0646 \u0634\u0623\u0646\u0647\u0627 \u0623\u0646 \u062a\u0636\u063a\u0637 \u0639\u0644\u0649 \u0645\u0646\u0637\u0642\u0629 \u0627\u0644\u0639\u0645\u0644\u064a\u0629 \u062e\u0644\u0627\u0644 \u0627\u0644\u0646\u0647\u0627\u0631. \u0644\u0642\u062f \u0623\u0635\u0628\u062d \u062a\u0637\u0628\u064a\u0642\u064b\u0627 \u0628\u0627\u0631\u0632\u064b\u0627 \u0641\u064a \u0645\u062c\u0627\u0644 \u062a\u062c\u0645\u064a\u0644 \u0627\u0644\u0623\u0639\u0636\u0627\u0621 \u0627\u0644\u062a\u0646\u0627\u0633\u0644\u064a\u0629 \u0646\u0638\u0631\u064b\u0627 \u0644\u0644\u0645\u0632\u0627\u064a\u0627 \u0627\u0644\u062a\u064a \u064a\u0642\u062f\u0645\u0647\u0627 \u0644\u0644\u0645\u0631\u0636\u0649. \u064a\u062a\u0645 \u062a\u062d\u0642\u064a\u0642 \u0646\u062a\u0627\u0626\u062c \u0641\u0639\u0627\u0644\u0629 \u0628\u0641\u0636\u0644 \u0627\u0644\u0623\u0633\u0627\u0644\u064a\u0628 \u0627\u0644\u062c\u0631\u0627\u062d\u064a\u0629 \u0645\u0646 \u0627\u0644\u062c\u064a\u0644 \u0627\u0644\u062c\u062f\u064a\u062f. \u0648\u0645\u0646 \u0627\u0644\u0645\u0647\u0645 \u062c\u062f\u064b\u0627 \u0623\u0646 \u062a\u062a\u0645 \u0627\u0644\u0639\u0645\u0644\u064a\u0629 \u062a\u062d\u062a \u0625\u0634\u0631\u0627\u0641 \u0637\u0628\u064a\u0628 \u0645\u062a\u062e\u0635\u0635 \u0630\u0648 \u0643\u0641\u0627\u0621\u0629 \u0648\u062e\u0628\u0631\u0629. <strong>\u062a\u0643\u0628\u064a\u0631 \u0627\u0644\u0642\u0636\u064a\u0628<\/strong> \u064a\u0645\u0643\u0646\u0643 \u0627\u0644\u0627\u062a\u0635\u0627\u0644 \u0628\u0646\u0627 \u0644\u0637\u0631\u062d \u0623\u0633\u0626\u0644\u062a\u0643 \u0648\u0645\u0639\u0644\u0648\u0645\u0627\u062a \u0645\u0641\u0635\u0644\u0629 \u062d\u0648\u0644 \u0627\u0644\u062c\u0631\u0627\u062d\u0629.<\/p>\t\t\t\t\t\t<\/div>\n\t\t\t\t<\/div>\n\t\t\t\t\t<\/div>\n\t\t<\/div>\n\t\t\t\t<div class=\"elementor-column elementor-col-50 elementor-top-column elementor-element elementor-element-a4352f3\" data-id=\"a4352f3\" data-element_type=\"column\">\n\t\t\t<div class=\"elementor-widget-wrap elementor-element-populated\">\n\t\t\t\t\t\t\t\t<div class=\"elementor-element elementor-element-ac16426 elementor-widget elementor-widget-sidebar\" data-id=\"ac16426\" data-element_type=\"widget\" data-widget_type=\"sidebar.default\">\n\t\t\t\t<div class=\"elementor-widget-container\">\n\t\t\t<section id=\"nav_menu-2\" class=\"widget widget_nav_menu\"><h5 class=\"widget-title\">\u0639\u0644\u0627\u062c\u0627\u062a\u0646\u0627<\/h5><\/section><section id=\"block-2\" class=\"widget widget_block\">\r\n<div class=\"wp-block-contact-form-7-contact-form-selector\">\n<div class=\"wpcf7 no-js\" id=\"wpcf7-f37844-o1\" lang=\"en-US\" dir=\"ltr\" data-wpcf7-id=\"37844\">\n<div class=\"screen-reader-response\"><p role=\"status\" aria-live=\"polite\" aria-atomic=\"true\"><\/p> <ul><\/ul><\/div>\n<form action=\"\/ar\/wp-json\/wp\/v2\/pages\/54260#wpcf7-f37844-o1\" method=\"post\" class=\"wpcf7-form init\" aria-label=\"\u0646\u0645\u0648\u0630\u062c \u0627\u0644\u0627\u062a\u0635\u0627\u0644\" novalidate=\"novalidate\" data-status=\"init\" data-trp-original-action=\"\/ar\/wp-json\/wp\/v2\/pages\/54260#wpcf7-f37844-o1\">\n<fieldset class=\"hidden-fields-container\"><input type=\"hidden\" name=\"_wpcf7\" value=\"37844\" \/><input type=\"hidden\" name=\"_wpcf7_version\" value=\"6.1.5\" \/><input type=\"hidden\" name=\"_wpcf7_locale\" value=\"en_US\" \/><input type=\"hidden\" name=\"_wpcf7_unit_tag\" value=\"wpcf7-f37844-o1\" \/><input type=\"hidden\" name=\"_wpcf7_container_post\" value=\"0\" \/><input type=\"hidden\" name=\"_wpcf7_posted_data_hash\" value=\"\" \/>\n<\/fieldset>\n<div class=\"book-appointment\">\n\t<div class=\"row\">\n\t\t<div class=\"col-lg-12 col-md-12 col-sm-12 col-xs-12\">\n\t\t\t<div class=\"form-row\">\n\t\t\t\t<p><span class=\"wpcf7-form-control-wrap\" data-name=\"text-958\"><input size=\"40\" maxlength=\"400\" class=\"wpcf7-form-control wpcf7-text wpcf7-validates-as-required\" aria-required=\"true\" aria-invalid=\"false\" placeholder=\"\u0627\u0633\u0645 \u0627\u0644\u0644\u0642\u0628\" value=\"\" type=\"text\" name=\"text-958\" \/><\/span><span><i class=\"fa fa-user\" aria-hidden=\"true\"><\/i><\/span>\n\t\t\t\t<\/p>\n\t\t\t<\/div>\n\t\t<\/div>\n\t<\/div>\n\t<div class=\"row\">\n\t\t<div class=\"col-lg-12 col-md-12 col-sm-12 col-xs-12\">\n\t\t\t<div class=\"form-row\">\n\t\t\t\t<p><span class=\"wpcf7-form-control-wrap\" data-name=\"tel-477\"><input size=\"40\" maxlength=\"400\" class=\"wpcf7-form-control wpcf7-tel wpcf7-validates-as-required wpcf7-text wpcf7-validates-as-tel\" aria-required=\"true\" aria-invalid=\"false\" placeholder=\"\u0647\u0627\u062a\u0641\" value=\"\" type=\"tel\" name=\"tel-477\" \/><\/span><span><i class=\"fa fa-phone\" aria-hidden=\"true\"><\/i><\/span>\n\t\t\t\t<\/p>\n\t\t\t<\/div>\n\t\t<\/div>\n\t<\/div>\n\t<div class=\"row\">\n\t\t<div class=\"col-lg-12 col-md-12 col-sm-12 col-xs-12\">\n\t\t\t<div class=\"form-row\">\n\t\t\t\t<p><span class=\"wpcf7-form-control-wrap\" data-name=\"email-757\"><input size=\"40\" maxlength=\"400\" class=\"wpcf7-form-control wpcf7-email wpcf7-validates-as-required wpcf7-text wpcf7-validates-as-email\" aria-required=\"true\" aria-invalid=\"false\" placeholder=\"\u0628\u0631\u064a\u062f \u0625\u0644\u0643\u062a\u0631\u0648\u0646\u064a\" value=\"\" type=\"email\" name=\"email-757\" \/><\/span><span><i class=\"fa fa-envelope-o\" aria-hidden=\"true\"><\/i><\/span>\n\t\t\t\t<\/p>\n\t\t\t<\/div>\n\t\t<\/div>\n\t<\/div>\n\t<div class=\"row\">\n\t\t<div class=\"col-lg-12 col-md-12 col-sm-12 col-xs-12\">\n\t\t\t<div class=\"form-row\">\n\t\t\t\t<p><span class=\"wpcf7-form-control-wrap\" data-name=\"textarea-880\"><textarea cols=\"40\" rows=\"10\" maxlength=\"2000\" class=\"wpcf7-form-control wpcf7-textarea\" aria-invalid=\"false\" placeholder=\"\u0631\u0633\u0627\u0644\u0629\" name=\"textarea-880\"><\/textarea><\/span>\n\t\t\t\t<\/p>\n\t\t\t<\/div>\n\t\t<\/div>\n\t<\/div>\n\t<div class=\"row\">\n\t\t<div class=\"col-lg-12 col-md-12 col-sm-12 col-xs-12\">\n\t\t\t<div class=\"form-row\">\n\t\t\t\t<p><span class=\"wpcf7-form-control-wrap\" data-name=\"hcap-cf7\">\t\t<input\n\t\t\t\ttype=\"hidden\"\n\t\t\t\tclass=\"hcaptcha-widget-id\"\n\t\t\t\tname=\"hcaptcha-widget-id\"\n\t\t\t\tvalue=\"eyJzb3VyY2UiOlsiY29udGFjdC1mb3JtLTdcL3dwLWNvbnRhY3QtZm9ybS03LnBocCJdLCJmb3JtX2lkIjozNzg0NH0=-db23d87e42e46126f2768526b52cd8ef\">\n\t\t\t\t<span id=\"hcap_cf7-69f31d7115f750.37796492\" class=\"wpcf7-form-control h-captcha\"\n\t\t\tdata-sitekey=\"2844963e-d3e5-4439-ae8e-c326baed8273\"\n\t\t\tdata-theme=\"light\"\n\t\t\tdata-size=\"normal\"\n\t\t\tdata-auto=\"false\"\n\t\t\tdata-ajax=\"false\"\n\t\t\tdata-force=\"false\">\n\t\t<\/span>\n\t\t<input type=\"hidden\" id=\"_wpnonce\" name=\"_wpnonce\" value=\"a4e9e51cdb\" \/><input type=\"hidden\" name=\"_wp_http_referer\" value=\"\/ar\/wp-json\/wp\/v2\/pages\/54260\" \/><\/span><input class=\"wpcf7-form-control wpcf7-submit has-spinner\" type=\"submit\" value=\"\u064a\u0631\u0633\u0644\" \/>\n\t\t\t\t<\/p>\n\t\t\t<\/div>\n\t\t<\/div>\n\t<\/div>\n<\/div><div class=\"wpcf7-response-output\" aria-hidden=\"true\"><\/div>\n<input type=\"hidden\" name=\"trp-form-language\" value=\"ar\"\/><\/form>\n<\/div>\n<\/div>\r\n<\/section>\t\t<\/div>\n\t\t\t\t<\/div>\n\t\t\t\t\t<\/div>\n\t\t<\/div>\n\t\t\t\t\t\t\t<\/div>\n\t\t<\/section>\n\t\t\t\t\t\t\t<\/div>","protected":false},"excerpt":{"rendered":"<p>\u00a0 \u0644\u0642\u062f \u062a\u0637\u0648\u0631\u062a \u062c\u0645\u0627\u0644\u064a\u0627\u062a \u0627\u0644\u0623\u0639\u0636\u0627\u0621 \u0627\u0644\u062a\u0646\u0627\u0633\u0644\u064a\u0629 \u0644\u062f\u0649 \u0627\u0644\u0631\u062c\u0627\u0644 \u0628\u0634\u0643\u0644 \u0625\u064a\u062c\u0627\u0628\u064a \u0641\u064a \u0627\u0644\u0633\u0646\u0648\u0627\u062a \u0627\u0644\u0623\u062e\u064a\u0631\u0629. \u0648\u064a\u0644\u0627\u062d\u0638 \u0623\u0646 \u0633\u0645\u0643 \u0627\u0644\u0642\u0636\u064a\u0628 \u064a\u0624\u062b\u0631 \u0628\u0634\u0643\u0644 \u0625\u064a\u062c\u0627\u0628\u064a \u0639\u0644\u0649 \u0627\u0644\u0631\u0636\u0627 \u0627\u0644\u062c\u0646\u0633\u064a. \u064a\u062c\u0628 \u0625\u062c\u0631\u0627\u0621 \u062c\u0631\u0627\u062d\u0629 \u062a\u0643\u0628\u064a\u0631 \u0627\u0644\u0642\u0636\u064a\u0628 \u0628\u0648\u0627\u0633\u0637\u0629 \u0623\u0637\u0628\u0627\u0621 \u0645\u0633\u0627\u0644\u0643 \u0628\u0648\u0644\u064a\u0629 \u0639\u0644\u0649 \u062f\u0631\u0627\u064a\u0629 \u0628\u0639\u0644\u0645 \u0627\u0644\u062a\u0634\u0631\u064a\u062d \u0648\u0639\u0644\u0645 \u0648\u0638\u0627\u0626\u0641 \u0627\u0644\u0623\u0639\u0636\u0627\u0621 \u0648\u0627\u0644\u0627\u0636\u0637\u0631\u0627\u0628\u0627\u062a \u0627\u0644\u0648\u0638\u064a\u0641\u064a\u0629 \u0641\u064a \u0627\u0644\u0645\u0646\u0637\u0642\u0629. \u0627\u0644\u064a\u0648\u0645\u060c \u0647\u0646\u0627\u0643 \u062a\u062d\u0633\u064a\u0646\u0627\u062a \u0625\u064a\u062c\u0627\u0628\u064a\u0629 \u0648\u0645\u0631\u0636\u064a\u0629 \u0641\u064a \u0627\u0644\u0635\u062d\u0629 \u0627\u0644\u062c\u0646\u0633\u064a\u0629 \u0645\u0639 \u0627\u0644\u0623\u0633\u0627\u0644\u064a\u0628 \u0627\u0644\u062c\u0631\u0627\u062d\u064a\u0629 \u0645\u0646 \u0627\u0644\u062c\u064a\u0644 \u0627\u0644\u062c\u062f\u064a\u062f. \u0627\u0639\u062a\u0645\u0627\u062f\u0627 \u0639\u0644\u0649 \u0627\u0644\u0639\u0648\u0627\u0645\u0644 \u0627\u0644\u0648\u0631\u0627\u062b\u064a\u0629 \u0648\u0627\u0644\u0633\u0645\u0627\u062a \u0627\u0644\u062a\u0634\u0631\u064a\u062d\u064a\u0629\u060c \u0641\u0625\u0646 \u0627\u0644\u0647\u064a\u0627\u0643\u0644 \u0627\u0644\u062a\u0646\u0627\u0633\u0644\u064a\u0629 \u0644\u062f\u0649 \u0627\u0644\u0631\u062c\u0627\u0644 [\u2026]<\/p>","protected":false},"author":1,"featured_media":50355,"parent":0,"menu_order":0,"comment_status":"closed","ping_status":"closed","template":"elementor_header_footer","meta":{"_acf_changed":false,"footnotes":""},"class_list":["post-54260","page","type-page","status-publish","has-post-thumbnail","hentry"],"acf":[],"_links":{"self":[{"href":"https:\/\/serhatdonmezer.com\/ar\/wp-json\/wp\/v2\/pages\/54260","targetHints":{"allow":["GET"]}}],"collection":[{"href":"https:\/\/serhatdonmezer.com\/ar\/wp-json\/wp\/v2\/pages"}],"about":[{"href":"https:\/\/serhatdonmezer.com\/ar\/wp-json\/wp\/v2\/types\/page"}],"author":[{"embeddable":true,"href":"https:\/\/serhatdonmezer.com\/ar\/wp-json\/wp\/v2\/users\/1"}],"replies":[{"embeddable":true,"href":"https:\/\/serhatdonmezer.com\/ar\/wp-json\/wp\/v2\/comments?post=54260"}],"version-history":[{"count":0,"href":"https:\/\/serhatdonmezer.com\/ar\/wp-json\/wp\/v2\/pages\/54260\/revisions"}],"wp:featuredmedia":[{"embeddable":true,"href":"https:\/\/serhatdonmezer.com\/ar\/wp-json\/wp\/v2\/media\/50355"}],"wp:attachment":[{"href":"https:\/\/serhatdonmezer.com\/ar\/wp-json\/wp\/v2\/media?parent=54260"}],"curies":[{"name":"wp","href":"https:\/\/api.w.org\/{rel}","templated":true}]}}