{"id":49566,"date":"2021-12-29T10:52:27","date_gmt":"2021-12-29T07:52:27","guid":{"rendered":"https:\/\/serhatdonmezer.com\/?page_id=49566"},"modified":"2023-12-28T13:58:40","modified_gmt":"2023-12-28T10:58:40","slug":"prostate-enlargement","status":"publish","type":"page","link":"https:\/\/serhatdonmezer.com\/en\/prostat-buyumesi\/","title":{"rendered":"Prostate Enlargement"},"content":{"rendered":"<div data-elementor-type=\"wp-page\" data-elementor-id=\"49566\" class=\"elementor elementor-49566\">\n\t\t\t\t\t\t\t\t\t<section class=\"elementor-section elementor-top-section elementor-element elementor-element-4ec06fc yazikapsa elementor-section-boxed elementor-section-height-default elementor-section-height-default\" data-id=\"4ec06fc\" data-element_type=\"section\">\n\t\t\t\t\t\t<div class=\"elementor-container elementor-column-gap-default\">\n\t\t\t\t\t<div class=\"elementor-column elementor-col-66 elementor-top-column elementor-element elementor-element-14978f7\" data-id=\"14978f7\" data-element_type=\"column\">\n\t\t\t<div class=\"elementor-widget-wrap elementor-element-populated\">\n\t\t\t\t\t\t\t\t<div class=\"elementor-element elementor-element-b0e9e17 elementor-widget elementor-widget-video\" data-id=\"b0e9e17\" data-element_type=\"widget\" data-settings=\"{&quot;youtube_url&quot;:&quot;https:\\\/\\\/www.youtube.com\\\/watch?v=dIkG16mL6Xw&quot;,&quot;video_type&quot;:&quot;youtube&quot;,&quot;controls&quot;:&quot;yes&quot;}\" data-widget_type=\"video.default\">\n\t\t\t\t<div class=\"elementor-widget-container\">\n\t\t\t\t\t<div class=\"elementor-wrapper elementor-open-inline\">\n\t\t\t<div class=\"elementor-video\"><\/div>\t\t<\/div>\n\t\t\t\t<\/div>\n\t\t\t\t<\/div>\n\t\t\t\t<div class=\"elementor-element elementor-element-05f3107 elementor-widget elementor-widget-text-editor\" data-id=\"05f3107\" data-element_type=\"widget\" data-widget_type=\"text-editor.default\">\n\t\t\t\t<div class=\"elementor-widget-container\">\n\t\t\t\t\t\t\t<b>prostate enlargement,<\/b> It usually develops benignly. This growth begins in the late 40s and continues until the end of the person&#039;s life. As a result of the enlargement of the prostate gland, narrowing or obstruction occurs in the urinary tract and bladder outlet. This condition makes urine flow difficult. Although prostate enlargement is common, not every man may experience the same level of problems. In some people, it may be observed as an ordinary part of aging and may not require treatment. However, if symptoms occur that disturb the person, they need to be treated. <b>prostate enlargement,<\/b> It may impair the urine storage and emptying function of the bladder.\n<h2>Prostate Enlargement Symptoms<\/h2>\nThe cause of prostate enlargement is still not fully known. This disease, which occurs in later ages, is thought to be due to hormonal factors. <b>Symptoms of prostate enlargement<\/b> is as follows:\n<ul>\n \t<li>frequent urination<\/li>\n \t<li>Difficulty urinating<\/li>\n \t<li>Inability to urinate completely<\/li>\n \t<li>urine leakage<\/li>\n \t<li>Seeing blood in the urine<\/li>\n \t<li>Urinary tract infection<\/li>\n<\/ul>\nIn some people with this disease, difficulty or complete cessation of urine output as a result of the enlargement of the prostate may lead to the closure of the urinary bladder. Due to this problem, diseases such as stone formation, kidney disorders and urinary tract infections may occur. Benign <b>prostate enlargement<\/b> It does not affect a man&#039;s reproductive ability and does not cause erection problems or prostate cancer. Constant urination at night causes the person to be tired and exhausted all day long as a result of not getting enough sleep.\t\t\t\t\t\t<\/div>\n\t\t\t\t<\/div>\n\t\t\t\t<div class=\"elementor-element elementor-element-a5a3e3d elementor-widget elementor-widget-image\" data-id=\"a5a3e3d\" data-element_type=\"widget\" data-widget_type=\"image.default\">\n\t\t\t\t<div class=\"elementor-widget-container\">\n\t\t\t\t\t\t\t\t\t\t\t\t\t\t\t<img decoding=\"async\" width=\"650\" height=\"360\" src=\"https:\/\/serhatdonmezer.com\/wp-content\/uploads\/2022\/01\/prostat-buyumesi-image.jpg\" class=\"attachment-large size-large wp-image-50402\" alt=\"prostate enlargement\" srcset=\"https:\/\/serhatdonmezer.com\/wp-content\/uploads\/2022\/01\/prostat-buyumesi-image.jpg 650w, https:\/\/serhatdonmezer.com\/wp-content\/uploads\/2022\/01\/prostat-buyumesi-image-400x222.jpg 400w\" sizes=\"(max-width: 650px) 100vw, 650px\" title=\"\">\t\t\t\t\t\t\t\t\t\t\t\t\t\t\t<\/div>\n\t\t\t\t<\/div>\n\t\t\t\t<div class=\"elementor-element elementor-element-3702fbe elementor-widget elementor-widget-text-editor\" data-id=\"3702fbe\" data-element_type=\"widget\" data-widget_type=\"text-editor.default\">\n\t\t\t\t<div class=\"elementor-widget-container\">\n\t\t\t\t\t\t\t<h3>What Causes Prostate Enlargement?<\/h3><p>in previous times <b>What causes prostate enlargement?<\/b> There was no clear answer to the question. The reason for this is that it is not known exactly what the risk factors are. The most important information known about this subject is that this disease occurs in older men and that this disease will not be seen in male individuals whose testicles were removed for any reason before puberty. However, factors related to age and testicular function are thought to play an important role in the development of this disease.<\/p><p>While men produce male hormones throughout their lives, their bodies also contain a very small amount of the female hormone estrogen. As the active male hormone level begins to decrease with age, the estrogen hormone increases. <b>prostate enlargement<\/b> During its development, the estrogen hormone, which begins to appear more effectively in the prostate with aging, indicates that it triggers the development of some basic cells.<\/p><p>Another theory focuses on DHT, the active form of the male hormone. Some researchers have shown that while male hormone levels in the blood decrease with age, active hormone (DHT) levels increase and accumulate in the prostate. Increasing amounts of this active hormone are thought to trigger the development of prostate cells. Men who do not produce DHT hormone due to enzyme deficiency also <b>prostate enlargement<\/b> Its development also supports this theory.<\/p><p>On the other hand, some researchers think that chemical and genetic changes that occur in the early period of development may lead to the development of prostate hyperplasia, which will re-develop with age and trigger other factors.<\/p>\t\t\t\t\t\t<\/div>\n\t\t\t\t<\/div>\n\t\t\t\t<div class=\"elementor-element elementor-element-fe05b9a elementor-widget elementor-widget-text-editor\" data-id=\"fe05b9a\" data-element_type=\"widget\" data-widget_type=\"text-editor.default\">\n\t\t\t\t<div class=\"elementor-widget-container\">\n\t\t\t\t\t\t\t<h4>How Does Prostate Enlargement Disease Progress?<\/h4><p>Imperceptible changes and growth in the prostate gland begin after the ages of 35-40 and continue throughout life. This disease, known as the disease of the elderly, is a different disease than prostate cancer and does not turn into cancer unless treated.\u00a0<\/p><p>It depends on the severity of the symptoms that occur in patients and the degree of compression of the growing prostate tissue and the urinary tract passing through the middle of the prostate gland. The more the prostate tissue compresses the urinary tract and prevents its passage, the more complaints the patient develops. An enlarged prostate gland is usually a benign disease. If treated, it is not life-threatening.<\/p><p>If left untreated, the enlarged prostate tissue continues to grow towards the urinary bladder, urinary tract and anus. This condition causes obstruction of the cervix and urinary tract and the bladder cannot fully empty the urine. He works harder and goes bankrupt after a while. Since urine cannot be expelled, it returns to the kidneys, causing swelling of the ureters (internal urinary tract) and kidneys (hydronephrosis). Urea in the urine mixes with the blood and uremia occurs. Kidney failure then occurs.<\/p>\t\t\t\t\t\t<\/div>\n\t\t\t\t<\/div>\n\t\t\t\t<div class=\"elementor-element elementor-element-8b09cfa elementor-widget elementor-widget-text-editor\" data-id=\"8b09cfa\" data-element_type=\"widget\" data-widget_type=\"text-editor.default\">\n\t\t\t\t<div class=\"elementor-widget-container\">\n\t\t\t\t\t\t\t<h4>How is it diagnosed?<\/h4><p><b>prostate enlargement,\u00a0<\/b>It is the most common cause of urinary problems, but there are other possible causes as well. For a correct diagnosis, the doctor first questions the patient&#039;s complaints. Afterwards, the medications used by the patient are also questioned. This is because the side effects of some medications may be similar to the symptoms seen in prostate enlargement. Afterwards, a general physical examination is performed and the prostate is examined manually. The doctor wears disposable gloves and evaluates the size and structure of the gland and the prostate through the anus using one finger.<\/p><p>With the urine sample taken from the patient, it is determined whether the patient has a prostate or urinary tract infection. Both of these conditions can cause symptoms similar to those of an enlarged prostate. However, other suspected diseases can also be checked.\u00a0<\/p><p>To rule out prostate cancer, the prostate specific antigen value can be checked with a blood test. An increase in the PSA value indicates that the prostate gland has begun to grow along with prostate cancer. Urine flow rate test is also performed to measure how much urine the patient can urinate due to suspicion of prostate enlargement. A special measuring device designed for this measurement is used. Urinating into the device when the bladder is at its fullest is sufficient for measurement.<\/p><p>In addition to using diagnostic methods, ultrasound is used to look at how enlarged the prostate is. Ultrasound methods can also be used to see how much urine remains in the bladder after urination.<\/p><h5>Diagnostic Methods Applied to Benign Prostate Enlargement<\/h5><ul class=\"list list-icons list-icons-sm col-md-12\"><li>Finger prostate examination,<\/li><li>Serum PSA, creatinine levels,<\/li><li>ultrasonography,<\/li><li>prostate biopsy<\/li><li>Urine flow rate measurement,<\/li><li>cystoscopy<\/li><\/ul>\t\t\t\t\t\t<\/div>\n\t\t\t\t<\/div>\n\t\t\t\t<div class=\"elementor-element elementor-element-aa4f79f elementor-widget elementor-widget-image\" data-id=\"aa4f79f\" data-element_type=\"widget\" data-widget_type=\"image.default\">\n\t\t\t\t<div class=\"elementor-widget-container\">\n\t\t\t\t\t\t\t\t\t\t\t\t\t\t\t<img decoding=\"async\" width=\"830\" height=\"415\" src=\"https:\/\/serhatdonmezer.com\/wp-content\/uploads\/2022\/03\/benign-prostat-hiperplazisi.jpg\" class=\"attachment-large size-large wp-image-51257\" alt=\"\" srcset=\"https:\/\/serhatdonmezer.com\/wp-content\/uploads\/2022\/03\/benign-prostat-hiperplazisi.jpg 830w, https:\/\/serhatdonmezer.com\/wp-content\/uploads\/2022\/03\/benign-prostat-hiperplazisi-400x200.jpg 400w, https:\/\/serhatdonmezer.com\/wp-content\/uploads\/2022\/03\/benign-prostat-hiperplazisi-768x384.jpg 768w\" sizes=\"(max-width: 830px) 100vw, 830px\" title=\"\">\t\t\t\t\t\t\t\t\t\t\t\t\t\t\t<\/div>\n\t\t\t\t<\/div>\n\t\t\t\t<div class=\"elementor-element elementor-element-85c3c8b elementor-widget elementor-widget-text-editor\" data-id=\"85c3c8b\" data-element_type=\"widget\" data-widget_type=\"text-editor.default\">\n\t\t\t\t<div class=\"elementor-widget-container\">\n\t\t\t\t\t\t\t\t\t\t\t\t\t<\/div>\n\t\t\t\t<\/div>\n\t\t\t\t<div class=\"elementor-element elementor-element-0762fd3 elementor-widget elementor-widget-text-editor\" data-id=\"0762fd3\" data-element_type=\"widget\" data-widget_type=\"text-editor.default\">\n\t\t\t\t<div class=\"elementor-widget-container\">\n\t\t\t\t\t\t\t<h5>Treatment Options<\/h5><p>Once the disease is diagnosed, treatment is determined based on the symptoms. If symptoms are mild, immediate treatment may not be recommended. Depending on the severity of symptoms, both medical and surgical treatment can be initiated. Since it is vital to treat some patients whose urinary bladder is completely closed and who have difficulty urinating, a catheter is first inserted and the bladder is emptied. After urine flow returns to normal, the prostate gland is reduced in size.<\/p><p>Before deciding on the treatment for non-emergency patients, it is very important to be informed about the various options, advantages and disadvantages. It should be known especially before the surgery, otherwise undesirable side effects and long-term complications may occur during surgical interventions. <b>prostate enlargement<\/b> Which treatment is suitable for you?<\/p><ol><li>the severity of complications,<\/li><li>Presence of complications such as urinary tract infection,<\/li><li>The decision can be made according to the advantages and disadvantages of the treatment method to be applied.<\/li><\/ol><div>\u00a0<\/div><p><span style=\"font-size: 1rem;\">We can list the treatment options as follows;<\/span><\/p><ul><li><b>Follow-up: <\/b>Herhangi bir semptom bulunmayan ve hafif \u015fikayeti olan hastalar\u0131n y\u0131lda en az 1 defa doktor kontrol\u00fcne gitmesi gerekir. Bu hastalarda doktor ya\u015fam tarz\u0131nda birka\u00e7 de\u011fi\u015fiklik \u00f6nerir ve ba\u015fka tedavi y\u00f6ntemi uygulamas\u0131n\u0131n gerek olup olmad\u0131\u011f\u0131n\u0131 saptar. Hastalar\u0131n yakla\u015f\u0131k %30&#8217;u bu grupta yer almaktad\u0131r.<\/li><li><b>Herbal medicines: <\/b>There are some herbal medicines that can be taken without a prescription to relieve the symptoms of patients with complaints. However, there has been no research on whether most of these drugs have any benefits or side effects. For this reason, its use is not recommended.<\/li><li><b>Medical Drugs: <\/b>The medications prescribed by the doctor are effective in relaxing the prostate and bladder muscles, thus making it easier for the patient who cannot urinate to urinate.<\/li><li><b><b>Operations to Reduce Prostate Size<\/b><\/b>: Surgeons who are experts in their field can remove or completely destroy prostate tissue using various surgical techniques. Possible reasons for surgery include urinary retention, recurrent urinary tract infections, and severe symptoms that do not improve with medication. Some men may seek surgery for the reasons listed, after weighing the pros and cons of different treatment options. The most common side effect seen in patients after surgical interventions is the inability to ejaculate. Urinary incontinence and erectile dysfunction are less common.<\/li><\/ul>\t\t\t\t\t\t<\/div>\n\t\t\t\t<\/div>\n\t\t\t\t<div class=\"elementor-element elementor-element-e29fad4 elementor-widget elementor-widget-text-editor\" data-id=\"e29fad4\" data-element_type=\"widget\" data-widget_type=\"text-editor.default\">\n\t\t\t\t<div class=\"elementor-widget-container\">\n\t\t\t\t\t\t\t<h6>Frequently Asked Questions About Prostate Enlargement<\/h6><p><b>1-What Happens If Prostate Enlargement Is Not Treated?<\/b><\/p><div class=\"MuiGrid-root MuiGrid-container MuiGrid-spacing-xs-3\"><div class=\"MuiGrid-root MuiGrid-item MuiGrid-grid-xs-12 MuiGrid-grid-sm-6\"><div class=\"MuiGrid-root MuiGrid-item MuiGrid-grid-xs-12\"><div class=\"jss25 jss34\"><p class=\"MuiTypography-root MuiTypography-body2 MuiTypography-alignJustify\">If left untreated, the patient will continue to have urinary problems. In addition, recurrent urinary tract infections, bleeding in the urine, kidney dysfunction and bladder stones may occur in the future.<\/p><\/div><p><b>2-How to Prevent Prostate Enlargement?<\/b><\/p><p>While vegetables, polyunsaturated fatty acids, linoleic acid, vitamin D and regular exercise reduce the risk of developing this disease, eating red meat, fat, carbohydrates and poultry increases the risk of BPH.<\/p><p><b>3-<span class=\"tinymce_bold\">What Problems Does Prostate Enlargement Cause?<\/span><\/b><\/p><div class=\"MuiGrid-root MuiGrid-container MuiGrid-spacing-xs-3\"><div class=\"MuiGrid-root MuiGrid-item MuiGrid-grid-xs-12 MuiGrid-grid-sm-6\"><div class=\"MuiGrid-root MuiGrid-item MuiGrid-grid-xs-12\"><div class=\"jss25 jss34\"><p class=\"MuiTypography-root MuiTypography-body2 MuiTypography-alignJustify\">As the prostate grows, it puts pressure on and compresses the urethra. The bladder wall thickens. untreated <b>in prostate enlargement<\/b> Urinary problems continue. In later stages, recurrent urinary tract infections, bleeding in the urine, kidney dysfunction and bladder stones may occur.<\/p><\/div><\/div><\/div><\/div><div class=\"MuiGrid-root MuiGrid-container MuiGrid-justify-xs-space-around\"><p class=\"MuiGrid-root MuiGrid-container MuiGrid-item MuiGrid-align-items-xs-center MuiGrid-justify-xs-center MuiGrid-grid-sm-12 MuiGrid-grid-md-6\"><b>\u00a04-Why does Prostate Enlargement (BPH) Occur?<\/b><\/p><div class=\"MuiGrid-root MuiGrid-container MuiGrid-spacing-xs-3\"><div class=\"MuiGrid-root MuiGrid-item MuiGrid-grid-xs-12 MuiGrid-grid-sm-6\"><div class=\"MuiGrid-root MuiGrid-item MuiGrid-grid-xs-12\"><div class=\"jss25 jss34\"><p class=\"MuiTypography-root MuiTypography-body2 MuiTypography-alignJustify\">It may occur for various reasons. The main reason is explained as the overreaction of the prostate to male hormones. The second factor is genetic predisposition. People with a family history of prostate enlargement are 4 times more likely to experience this problem. Environmental factors are also very important.<\/p><p class=\"MuiTypography-root MuiTypography-body2 MuiTypography-alignJustify\"><b>5-What Causes Prostate Enlargement?<\/b><\/p><p>When treatment for prostate enlargement is delayed, kidney failure, bladder stones, recurrent urinary tract infections, and bladder cancers may occur due to chronic irritations that may occur in the bladder due to bladder stones.<\/p><p><b>6-Can a Boy Who Had Prostate Surgery Have a Child?<\/b><\/p><div id=\"result\" class=\"divText ouputsection\" data-text=\"Your paraphrased content will appear here\">During prostate surgery, opening and some changes occur in the prostate gland and bladder neck. For this reason, when you have sexual intercourse after the surgery, there is no longer as much sperm as before. While this condition may embarrass some men, there is no reduction in sexual prowess or paternity.<\/div><\/div><\/div><\/div><\/div><\/div><\/div><\/div><\/div>\t\t\t\t\t\t<\/div>\n\t\t\t\t<\/div>\n\t\t\t\t\t<\/div>\n\t\t<\/div>\n\t\t\t\t<div class=\"elementor-column elementor-col-33 elementor-top-column elementor-element elementor-element-0255b6b yazikapsasidebar\" data-id=\"0255b6b\" data-element_type=\"column\">\n\t\t\t<div class=\"elementor-widget-wrap elementor-element-populated\">\n\t\t\t\t\t\t\t\t<div class=\"elementor-element elementor-element-59bf676 elementor-widget elementor-widget-sidebar\" data-id=\"59bf676\" data-element_type=\"widget\" data-widget_type=\"sidebar.default\">\n\t\t\t\t<div class=\"elementor-widget-container\">\n\t\t\t<section id=\"nav_menu-2\" class=\"widget widget_nav_menu\"><h5 class=\"widget-title\">Our treatments<\/h5><\/section><section id=\"block-2\" class=\"widget widget_block\">\r\n<div class=\"wp-block-contact-form-7-contact-form-selector\">\n<div class=\"wpcf7 no-js\" id=\"wpcf7-f37844-o1\" lang=\"en-US\" dir=\"ltr\" data-wpcf7-id=\"37844\">\n<div class=\"screen-reader-response\"><p role=\"status\" aria-live=\"polite\" aria-atomic=\"true\"><\/p> <ul><\/ul><\/div>\n<form action=\"\/en\/wp-json\/wp\/v2\/pages\/49566#wpcf7-f37844-o1\" method=\"post\" class=\"wpcf7-form init\" aria-label=\"contact form\" novalidate=\"novalidate\" data-status=\"init\" data-trp-original-action=\"\/en\/wp-json\/wp\/v2\/pages\/49566#wpcf7-f37844-o1\">\n<fieldset class=\"hidden-fields-container\"><input type=\"hidden\" name=\"_wpcf7\" value=\"37844\" \/><input type=\"hidden\" name=\"_wpcf7_version\" value=\"6.1.5\" \/><input type=\"hidden\" name=\"_wpcf7_locale\" value=\"en_US\" \/><input type=\"hidden\" name=\"_wpcf7_unit_tag\" value=\"wpcf7-f37844-o1\" \/><input type=\"hidden\" name=\"_wpcf7_container_post\" value=\"0\" \/><input type=\"hidden\" name=\"_wpcf7_posted_data_hash\" value=\"\" \/>\n<\/fieldset>\n<div class=\"book-appointment\">\n\t<div class=\"row\">\n\t\t<div class=\"col-lg-12 col-md-12 col-sm-12 col-xs-12\">\n\t\t\t<div class=\"form-row\">\n\t\t\t\t<p><span class=\"wpcf7-form-control-wrap\" data-name=\"text-958\"><input size=\"40\" maxlength=\"400\" class=\"wpcf7-form-control wpcf7-text wpcf7-validates-as-required\" aria-required=\"true\" aria-invalid=\"false\" placeholder=\"Name surname\" value=\"\" type=\"text\" name=\"text-958\" \/><\/span><span><i class=\"fa fa-user\" aria-hidden=\"true\"><\/i><\/span>\n\t\t\t\t<\/p>\n\t\t\t<\/div>\n\t\t<\/div>\n\t<\/div>\n\t<div class=\"row\">\n\t\t<div class=\"col-lg-12 col-md-12 col-sm-12 col-xs-12\">\n\t\t\t<div class=\"form-row\">\n\t\t\t\t<p><span class=\"wpcf7-form-control-wrap\" data-name=\"tel-477\"><input size=\"40\" maxlength=\"400\" class=\"wpcf7-form-control wpcf7-tel wpcf7-validates-as-required wpcf7-text wpcf7-validates-as-tel\" aria-required=\"true\" aria-invalid=\"false\" placeholder=\"Telephone\" value=\"\" type=\"tel\" name=\"tel-477\" \/><\/span><span><i class=\"fa fa-phone\" aria-hidden=\"true\"><\/i><\/span>\n\t\t\t\t<\/p>\n\t\t\t<\/div>\n\t\t<\/div>\n\t<\/div>\n\t<div class=\"row\">\n\t\t<div class=\"col-lg-12 col-md-12 col-sm-12 col-xs-12\">\n\t\t\t<div class=\"form-row\">\n\t\t\t\t<p><span class=\"wpcf7-form-control-wrap\" data-name=\"email-757\"><input size=\"40\" maxlength=\"400\" class=\"wpcf7-form-control wpcf7-email wpcf7-validates-as-required wpcf7-text wpcf7-validates-as-email\" aria-required=\"true\" aria-invalid=\"false\" placeholder=\"E-mail\" value=\"\" type=\"email\" name=\"email-757\" \/><\/span><span><i class=\"fa fa-envelope-o\" aria-hidden=\"true\"><\/i><\/span>\n\t\t\t\t<\/p>\n\t\t\t<\/div>\n\t\t<\/div>\n\t<\/div>\n\t<div class=\"row\">\n\t\t<div class=\"col-lg-12 col-md-12 col-sm-12 col-xs-12\">\n\t\t\t<div class=\"form-row\">\n\t\t\t\t<p><span class=\"wpcf7-form-control-wrap\" data-name=\"textarea-880\"><textarea cols=\"40\" rows=\"10\" maxlength=\"2000\" class=\"wpcf7-form-control wpcf7-textarea\" aria-invalid=\"false\" placeholder=\"Message\" name=\"textarea-880\"><\/textarea><\/span>\n\t\t\t\t<\/p>\n\t\t\t<\/div>\n\t\t<\/div>\n\t<\/div>\n\t<div class=\"row\">\n\t\t<div class=\"col-lg-12 col-md-12 col-sm-12 col-xs-12\">\n\t\t\t<div class=\"form-row\">\n\t\t\t\t<p><span class=\"wpcf7-form-control-wrap\" data-name=\"hcap-cf7\">\t\t<input\n\t\t\t\ttype=\"hidden\"\n\t\t\t\tclass=\"hcaptcha-widget-id\"\n\t\t\t\tname=\"hcaptcha-widget-id\"\n\t\t\t\tvalue=\"eyJzb3VyY2UiOlsiY29udGFjdC1mb3JtLTdcL3dwLWNvbnRhY3QtZm9ybS03LnBocCJdLCJmb3JtX2lkIjozNzg0NH0=-db23d87e42e46126f2768526b52cd8ef\">\n\t\t\t\t<span id=\"hcap_cf7-69ea5ae87e9e32.51577493\" class=\"wpcf7-form-control h-captcha\"\n\t\t\tdata-sitekey=\"2844963e-d3e5-4439-ae8e-c326baed8273\"\n\t\t\tdata-theme=\"light\"\n\t\t\tdata-size=\"normal\"\n\t\t\tdata-auto=\"false\"\n\t\t\tdata-ajax=\"false\"\n\t\t\tdata-force=\"false\">\n\t\t<\/span>\n\t\t<input type=\"hidden\" id=\"_wpnonce\" name=\"_wpnonce\" value=\"fa027c94dd\" \/><input type=\"hidden\" name=\"_wp_http_referer\" value=\"\/en\/wp-json\/wp\/v2\/pages\/49566\" \/><\/span><input class=\"wpcf7-form-control wpcf7-submit has-spinner\" type=\"submit\" value=\"Send\" \/>\n\t\t\t\t<\/p>\n\t\t\t<\/div>\n\t\t<\/div>\n\t<\/div>\n<\/div><div class=\"wpcf7-response-output\" aria-hidden=\"true\"><\/div>\n<input type=\"hidden\" name=\"trp-form-language\" value=\"en\"\/><\/form>\n<\/div>\n<\/div>\r\n<\/section>\t\t<\/div>\n\t\t\t\t<\/div>\n\t\t\t\t\t<\/div>\n\t\t<\/div>\n\t\t\t\t\t\t\t<\/div>\n\t\t<\/section>\n\t\t\t\t\t\t\t<\/div>","protected":false},"excerpt":{"rendered":"<p>https:\/\/www.youtube.com\/watch?v=dIkG16mL6XwProstate enlargement usually has a benign development. This growth begins in the late 40s and continues until the end of the person&#039;s life. As a result of the enlargement of the prostate gland, narrowing or obstruction occurs in the urinary tract and bladder outlet. This condition makes urine flow difficult. Although prostate enlargement is common, not every man has the same level of problems. In some people, aging [\u2026]<\/p>","protected":false},"author":1,"featured_media":50384,"parent":0,"menu_order":0,"comment_status":"closed","ping_status":"closed","template":"elementor_header_footer","meta":{"_acf_changed":false,"footnotes":""},"class_list":["post-49566","page","type-page","status-publish","has-post-thumbnail","hentry"],"acf":[],"_links":{"self":[{"href":"https:\/\/serhatdonmezer.com\/en\/wp-json\/wp\/v2\/pages\/49566","targetHints":{"allow":["GET"]}}],"collection":[{"href":"https:\/\/serhatdonmezer.com\/en\/wp-json\/wp\/v2\/pages"}],"about":[{"href":"https:\/\/serhatdonmezer.com\/en\/wp-json\/wp\/v2\/types\/page"}],"author":[{"embeddable":true,"href":"https:\/\/serhatdonmezer.com\/en\/wp-json\/wp\/v2\/users\/1"}],"replies":[{"embeddable":true,"href":"https:\/\/serhatdonmezer.com\/en\/wp-json\/wp\/v2\/comments?post=49566"}],"version-history":[{"count":0,"href":"https:\/\/serhatdonmezer.com\/en\/wp-json\/wp\/v2\/pages\/49566\/revisions"}],"wp:featuredmedia":[{"embeddable":true,"href":"https:\/\/serhatdonmezer.com\/en\/wp-json\/wp\/v2\/media\/50384"}],"wp:attachment":[{"href":"https:\/\/serhatdonmezer.com\/en\/wp-json\/wp\/v2\/media?parent=49566"}],"curies":[{"name":"wp","href":"https:\/\/api.w.org\/{rel}","templated":true}]}}