{"id":49648,"date":"2021-12-29T11:19:49","date_gmt":"2021-12-29T08:19:49","guid":{"rendered":"https:\/\/serhatdonmezer.com\/?page_id=49648"},"modified":"2023-12-27T17:54:25","modified_gmt":"2023-12-27T14:54:25","slug":"infertility","status":"publish","type":"page","link":"https:\/\/serhatdonmezer.com\/en\/infertilite\/","title":{"rendered":"infertility"},"content":{"rendered":"<div data-elementor-type=\"wp-page\" data-elementor-id=\"49648\" class=\"elementor elementor-49648\">\n\t\t\t\t\t\t\t\t\t<section class=\"elementor-section elementor-top-section elementor-element elementor-element-4ec06fc yazikapsa elementor-section-boxed elementor-section-height-default elementor-section-height-default\" data-id=\"4ec06fc\" data-element_type=\"section\">\n\t\t\t\t\t\t<div class=\"elementor-container elementor-column-gap-default\">\n\t\t\t\t\t<div class=\"elementor-column elementor-col-66 elementor-top-column elementor-element elementor-element-14978f7\" data-id=\"14978f7\" data-element_type=\"column\">\n\t\t\t<div class=\"elementor-widget-wrap elementor-element-populated\">\n\t\t\t\t\t\t\t\t<div class=\"elementor-element elementor-element-f23bbb6 elementor-widget elementor-widget-text-editor\" data-id=\"f23bbb6\" data-element_type=\"widget\" data-widget_type=\"text-editor.default\">\n\t\t\t\t<div class=\"elementor-widget-container\">\n\t\t\t\t\t\t\t<p><b>Topic Summary:<\/b> Failure to become pregnant within 1 year despite couples having regular and unprotected intercourse<b> infertility<\/b> or as it is known among the public, it is defined as infertile. There are different reasons that affect the disease, which is a very common health problem today.<\/p><p>The disease, which prevents childbearing, is as common in men as it affects women. <b>Causes of infertility <\/b>It is mostly caused by unhealthy living conditions and malnutrition.<\/p>\t\t\t\t\t\t<\/div>\n\t\t\t\t<\/div>\n\t\t\t\t<div class=\"elementor-element elementor-element-95721fb elementor-widget elementor-widget-text-editor\" data-id=\"95721fb\" data-element_type=\"widget\" data-widget_type=\"text-editor.default\">\n\t\t\t\t<div class=\"elementor-widget-container\">\n\t\t\t\t\t\t\t<h2><b>What is Infertility?<\/b><\/h2><p>Infertility is defined in medical terms when a couple has regular and unprotected sexual intercourse every month for a year and the woman does not become pregnant. In order for people under the age of 35 to have infertility, they must have regular and unprotected intercourse for 1 year, while couples over the age of 35 must have regular and unprotected intercourse for 6 months to prevent pregnancy.<\/p><p>Infertility can occur from both men and women. The number of infertile couples is increasing today due to reasons such as stressful life, unhealthy diet and smoking habit. Two out of every 10 married couples seek medical help because they cannot have children.<\/p>\t\t\t\t\t\t<\/div>\n\t\t\t\t<\/div>\n\t\t\t\t<div class=\"elementor-element elementor-element-a5a3e3d elementor-widget elementor-widget-image\" data-id=\"a5a3e3d\" data-element_type=\"widget\" data-widget_type=\"image.default\">\n\t\t\t\t<div class=\"elementor-widget-container\">\n\t\t\t\t\t\t\t\t\t\t\t\t\t\t\t<img decoding=\"async\" width=\"650\" height=\"360\" src=\"https:\/\/serhatdonmezer.com\/wp-content\/uploads\/2022\/01\/Infertilite-1.jpg\" class=\"attachment-medium_large size-medium_large wp-image-50502\" alt=\"infertility\" srcset=\"https:\/\/serhatdonmezer.com\/wp-content\/uploads\/2022\/01\/Infertilite-1.jpg 650w, https:\/\/serhatdonmezer.com\/wp-content\/uploads\/2022\/01\/Infertilite-1-400x222.jpg 400w\" sizes=\"(max-width: 650px) 100vw, 650px\" title=\"\">\t\t\t\t\t\t\t\t\t\t\t\t\t\t\t<\/div>\n\t\t\t\t<\/div>\n\t\t\t\t<div class=\"elementor-element elementor-element-05f3107 elementor-widget elementor-widget-text-editor\" data-id=\"05f3107\" data-element_type=\"widget\" data-widget_type=\"text-editor.default\">\n\t\t\t\t<div class=\"elementor-widget-container\">\n\t\t\t\t\t\t\t<p><b>Urology Specialist Op. Dr. Serhat D\u00f6nmezer Answered Questions About Infertility<\/b><\/p>\n<p>Many couples around the world and in Turkey cannot have children naturally, even though they want to. The increasingly common problem of infertility is due to reasons related to the woman or the man. Equally common in both men and women <strong><b>infertility<\/b> <\/strong>The problem is treated after determining what causes it.<\/p>\n<p>After determining the causes of infertility in both men and women, infertility treatment is applied to the patient. Treatment options applied to the patient; egg rejuvenation, vaccination, microinjection, egg freezing, embryo shaving, assisted budding, mitochondria transfer. To get detailed information about the causes and treatment methods of infertility, consult Urology Specialist Op. Dr. You can consult Serhat D\u00f6nmezer.<\/p>\t\t\t\t\t\t<\/div>\n\t\t\t\t<\/div>\n\t\t\t\t<div class=\"elementor-element elementor-element-e294450 elementor-widget elementor-widget-text-editor\" data-id=\"e294450\" data-element_type=\"widget\" data-widget_type=\"text-editor.default\">\n\t\t\t\t<div class=\"elementor-widget-container\">\n\t\t\t\t\t\t\t<h3><b>What Causes Infertility?<\/b><\/h3>\n<p>Infertility, which has many different causes, can occur from men or women. Women lose their fertility characteristics as they get older. The decrease in fertility manifests itself especially after the age of 38. The effect of age on infertility in men is not very significant. <strong>Causes of infertility<\/strong> genel olarak erkek ve kad\u0131nlar aras\u0131nda %50 &#8211; %50 g\u00f6r\u00fcl\u00fcr.<\/p>\t\t\t\t\t\t<\/div>\n\t\t\t\t<\/div>\n\t\t\t\t<div class=\"elementor-element elementor-element-d55d67f elementor-widget elementor-widget-image\" data-id=\"d55d67f\" data-element_type=\"widget\" data-widget_type=\"image.default\">\n\t\t\t\t<div class=\"elementor-widget-container\">\n\t\t\t\t\t\t\t\t\t\t\t\t\t\t\t<img decoding=\"async\" width=\"865\" height=\"487\" src=\"https:\/\/serhatdonmezer.com\/wp-content\/uploads\/2022\/04\/kisirlik.webp\" class=\"attachment-large size-large wp-image-52707\" alt=\"infertility\" srcset=\"https:\/\/serhatdonmezer.com\/wp-content\/uploads\/2022\/04\/kisirlik.webp 865w, https:\/\/serhatdonmezer.com\/wp-content\/uploads\/2022\/04\/kisirlik-400x225.webp 400w, https:\/\/serhatdonmezer.com\/wp-content\/uploads\/2022\/04\/kisirlik-768x432.webp 768w\" sizes=\"(max-width: 865px) 100vw, 865px\" title=\"\">\t\t\t\t\t\t\t\t\t\t\t\t\t\t\t<\/div>\n\t\t\t\t<\/div>\n\t\t\t\t<div class=\"elementor-element elementor-element-d813dbb elementor-widget elementor-widget-text-editor\" data-id=\"d813dbb\" data-element_type=\"widget\" data-widget_type=\"text-editor.default\">\n\t\t\t\t<div class=\"elementor-widget-container\">\n\t\t\t\t\t\t\t<h3><b>What are the Causes of Female Infertility?<\/b><\/h3><p>The most common causes of infertility in women include tube blockage, chocolate cyst, ovulation disorders and early menopause. depends on woman <b>causes of infertility<\/b> can be listed as follows;<\/p><ul><li>Damage and blockage in the tubes,<\/li><li>Having an irregular menstrual cycle,<\/li><li>Decreased ovarian reserve,<\/li><li>Obstructed fallopian tubes,<\/li><li>Ovulation disorders,<\/li><li>uterine myomas,<\/li><li>intra-abdominal adhesion,<\/li><li>thyroid problems,<\/li><li>Obesity,<\/li><li>Excessive alcohol and cigarette use are also among the factors that cause infertility in women.<\/li><\/ul>\t\t\t\t\t\t<\/div>\n\t\t\t\t<\/div>\n\t\t\t\t<div class=\"elementor-element elementor-element-a80c21d elementor-widget elementor-widget-image\" data-id=\"a80c21d\" data-element_type=\"widget\" data-widget_type=\"image.default\">\n\t\t\t\t<div class=\"elementor-widget-container\">\n\t\t\t\t\t\t\t\t\t\t\t\t\t\t\t<img decoding=\"async\" width=\"1024\" height=\"648\" src=\"https:\/\/serhatdonmezer.com\/wp-content\/uploads\/2022\/04\/kisirlik-belirtileri-1024x648.jpg\" class=\"attachment-large size-large wp-image-52708\" alt=\"causes of infertility\" srcset=\"https:\/\/serhatdonmezer.com\/wp-content\/uploads\/2022\/04\/kisirlik-belirtileri-1024x648.jpg 1024w, https:\/\/serhatdonmezer.com\/wp-content\/uploads\/2022\/04\/kisirlik-belirtileri-379x240.jpg 379w, https:\/\/serhatdonmezer.com\/wp-content\/uploads\/2022\/04\/kisirlik-belirtileri-768x486.jpg 768w, https:\/\/serhatdonmezer.com\/wp-content\/uploads\/2022\/04\/kisirlik-belirtileri.jpg 1170w\" sizes=\"(max-width: 1024px) 100vw, 1024px\" title=\"\">\t\t\t\t\t\t\t\t\t\t\t\t\t\t\t<\/div>\n\t\t\t\t<\/div>\n\t\t\t\t<div class=\"elementor-element elementor-element-5f5ac6f elementor-widget elementor-widget-text-editor\" data-id=\"5f5ac6f\" data-element_type=\"widget\" data-widget_type=\"text-editor.default\">\n\t\t\t\t<div class=\"elementor-widget-container\">\n\t\t\t\t\t\t\t<h3><b>What are the Causes of Male Infertility?<\/b><\/h3>\n<p>The most common cause of male infertility is poor fertilization. There are many factors that affect poor fertilization. The most common causes of male infertility are; Abnormal sperm production, function and disorders in sperm. The causes of infertility in men can be listed as follows;<\/p>\n<ul>\n<li>Sperm structural problems,<\/li>\n<li>channel blockages,<\/li>\n<li>Sperm cannot come out and is discharged into the bladder,<\/li>\n<li>hormonal reasons,<\/li>\n<li>genetic diseases,<\/li>\n<li>Enlargement of the veins leading to the testicle (varicocele formation)<\/li>\n<li>Diabetes,<\/li>\n<li>infections,<\/li>\n<li>Excessive smoking or alcohol consumption,<\/li>\n<li>Factors such as stress are among the problems that cause infertility in men.<\/li>\n<\/ul>\t\t\t\t\t\t<\/div>\n\t\t\t\t<\/div>\n\t\t\t\t<div class=\"elementor-element elementor-element-2a558c2 elementor-widget elementor-widget-text-editor\" data-id=\"2a558c2\" data-element_type=\"widget\" data-widget_type=\"text-editor.default\">\n\t\t\t\t<div class=\"elementor-widget-container\">\n\t\t\t\t\t\t\t<h3><b>What are the symptoms of infertility?<\/b><\/h3>\n<p>The exact symptom of infertility is not known exactly. The patient may be infertile due to many factors. K<strong>symptoms of bite<\/strong> between; Findings such as menstrual irregularities or no menstruation, milk discharge from the breasts if not pregnant, excess weight and hormone disorder, problems with erection and ejaculation in men, pain and swelling in the testicles, and too little semen in men can be shown as symptoms of infertility. However, some tests must be performed to definitively diagnose the patient with infertility.<\/p>\t\t\t\t\t\t<\/div>\n\t\t\t\t<\/div>\n\t\t\t\t<div class=\"elementor-element elementor-element-97349dc elementor-widget elementor-widget-image\" data-id=\"97349dc\" data-element_type=\"widget\" data-widget_type=\"image.default\">\n\t\t\t\t<div class=\"elementor-widget-container\">\n\t\t\t\t\t\t\t\t\t\t\t\t\t\t\t<img decoding=\"async\" width=\"1024\" height=\"576\" src=\"https:\/\/serhatdonmezer.com\/wp-content\/uploads\/2022\/04\/kisirlik-nedenleri-1024x576.jpg\" class=\"attachment-large size-large wp-image-52709\" alt=\"infertility\" srcset=\"https:\/\/serhatdonmezer.com\/wp-content\/uploads\/2022\/04\/kisirlik-nedenleri-1024x576.jpg 1024w, https:\/\/serhatdonmezer.com\/wp-content\/uploads\/2022\/04\/kisirlik-nedenleri-400x225.jpg 400w, https:\/\/serhatdonmezer.com\/wp-content\/uploads\/2022\/04\/kisirlik-nedenleri-768x432.jpg 768w, https:\/\/serhatdonmezer.com\/wp-content\/uploads\/2022\/04\/kisirlik-nedenleri-1536x864.jpg 1536w, https:\/\/serhatdonmezer.com\/wp-content\/uploads\/2022\/04\/kisirlik-nedenleri.jpg 1920w\" sizes=\"(max-width: 1024px) 100vw, 1024px\" title=\"\">\t\t\t\t\t\t\t\t\t\t\t\t\t\t\t<\/div>\n\t\t\t\t<\/div>\n\t\t\t\t<div class=\"elementor-element elementor-element-f3398d6 elementor-widget elementor-widget-text-editor\" data-id=\"f3398d6\" data-element_type=\"widget\" data-widget_type=\"text-editor.default\">\n\t\t\t\t<div class=\"elementor-widget-container\">\n\t\t\t\t\t\t\t<h3><b>How to Diagnose Infertility?<\/b><\/h3>\n<p>In order to diagnose the patient as infertile, an examination is required first. It is generally recommended that couples apply together to make the diagnosis. Different tests are performed on men and women to diagnose infertility. In male patients, the penis and testicles are primarily examined. For women, a gynecological examination is performed. The person&#039;s ovaries and uterus are examined with ultrasonography. In the light of the data obtained after the examination results and tests performed on both male and female patients, the problem related to the reproductive systems is determined and <b>infertility<\/b> diagnosis is made.&nbsp;<\/p>\n<h4><b>How to Treat Infertility?<\/b><\/h4>\n<p>There are many different causes of infertility. Infertility treatment is performed after the cause of infertility is determined. In vitro fertilization treatment, one of the assisted reproductive treatment methods, is recommended for some couples. The most well-known infertility treatment is in vitro fertilization. In this treatment, fertilization is achieved by combining the male reproductive cell sperm and the female reproductive cell egg in a laboratory environment. After fertilization, the embryo formed is deposited into the mother&#039;s uterus and pregnancy is achieved. Other types of treatment include; egg rejuvenation, vaccination, microinjection, egg freezing, embryo shaving, assisted budding, mitochondria transfer.<\/p>\t\t\t\t\t\t<\/div>\n\t\t\t\t<\/div>\n\t\t\t\t<div class=\"elementor-element elementor-element-79383c7 elementor-widget elementor-widget-image\" data-id=\"79383c7\" data-element_type=\"widget\" data-widget_type=\"image.default\">\n\t\t\t\t<div class=\"elementor-widget-container\">\n\t\t\t\t\t\t\t\t\t\t\t\t\t\t\t<img decoding=\"async\" width=\"1024\" height=\"682\" src=\"https:\/\/serhatdonmezer.com\/wp-content\/uploads\/2022\/04\/infertilite-1024x682.jpg\" class=\"attachment-large size-large wp-image-52712\" alt=\"\" srcset=\"https:\/\/serhatdonmezer.com\/wp-content\/uploads\/2022\/04\/infertilite-1024x682.jpg 1024w, https:\/\/serhatdonmezer.com\/wp-content\/uploads\/2022\/04\/infertilite-360x240.jpg 360w, https:\/\/serhatdonmezer.com\/wp-content\/uploads\/2022\/04\/infertilite-768x511.jpg 768w, https:\/\/serhatdonmezer.com\/wp-content\/uploads\/2022\/04\/infertilite.jpg 1200w\" sizes=\"(max-width: 1024px) 100vw, 1024px\" title=\"\">\t\t\t\t\t\t\t\t\t\t\t\t\t\t\t<\/div>\n\t\t\t\t<\/div>\n\t\t\t\t<div class=\"elementor-element elementor-element-1585ea2 elementor-widget elementor-widget-text-editor\" data-id=\"1585ea2\" data-element_type=\"widget\" data-widget_type=\"text-editor.default\">\n\t\t\t\t<div class=\"elementor-widget-container\">\n\t\t\t\t\t\t\t<p><b>Frequently Asked Questions<o:p><\/o:p><\/b><\/p>\n<p><\/p>\n<p>Questions that infertility patients and their relatives wonder about:&nbsp;<o:p><\/o:p><\/p>\n<p><b>Can an infertile woman give birth to a child?<\/b><\/p>\n<p>Infertility treatment is applied to a woman diagnosed as infertile in order to have children. After determining the patient&#039;s condition causing infertility, the appropriate treatment method is decided. If the treatment gives results, an infertile woman can have a child.<\/p>\n<p><b>How to Tell Whether You Are Infertile While Single?<\/b><\/p>\n<p>For men and women, a test can be performed to determine whether or not they are infertile while they are single. While men are single, tests to measure sperm quality and hormone tests are performed. For women, hormone tests and extracorporeal ultrasonography can be performed while single. <b>infertility <\/b>test can be done.<\/p>\n<p><b>Is Infertility Treatment a Difficult Treatment?<\/b><\/p>\n<p>Today, infertility treatments are very advanced and widespread. For this reason, infertility<b>&nbsp;<\/b>Treatment can be done much easier than before. Infertility treatment can be performed using ultrasounds under general anesthesia or by giving a very superficial anesthesia.&nbsp;&nbsp;<\/p>\t\t\t\t\t\t<\/div>\n\t\t\t\t<\/div>\n\t\t\t\t<div class=\"elementor-element elementor-element-b74335d elementor-widget elementor-widget-image\" data-id=\"b74335d\" data-element_type=\"widget\" data-widget_type=\"image.default\">\n\t\t\t\t<div class=\"elementor-widget-container\">\n\t\t\t\t\t\t\t\t\t\t\t\t\t\t\t<img decoding=\"async\" width=\"600\" height=\"315\" src=\"https:\/\/serhatdonmezer.com\/wp-content\/uploads\/2022\/04\/infertilite-.png\" class=\"attachment-large size-large wp-image-52713\" alt=\"\" srcset=\"https:\/\/serhatdonmezer.com\/wp-content\/uploads\/2022\/04\/infertilite-.png 600w, https:\/\/serhatdonmezer.com\/wp-content\/uploads\/2022\/04\/infertilite--400x210.png 400w\" sizes=\"(max-width: 600px) 100vw, 600px\" title=\"\">\t\t\t\t\t\t\t\t\t\t\t\t\t\t\t<\/div>\n\t\t\t\t<\/div>\n\t\t\t\t<div class=\"elementor-element elementor-element-1c3dcd7 elementor-widget elementor-widget-text-editor\" data-id=\"1c3dcd7\" data-element_type=\"widget\" data-widget_type=\"text-editor.default\">\n\t\t\t\t<div class=\"elementor-widget-container\">\n\t\t\t\t\t\t\t<p><span style=\"font-weight: bold;\">What is the Success Rate of In Vitro Fertilization Treatment?<\/span><\/p>\n<p>In light of the developments in technology, the chances of couples having a baby are quite high in the in vitro fertilization treatment applied to patients who cannot have a baby. Today, while the success rate of in vitro fertilization treatment has increased, the treatment has become less troublesome for couples. Patients who want to have children often resort to in vitro fertilization treatment under the guidance of their physicians.<\/p>\n<p><b>How to Prevent Male Infertility? <\/b><\/p>\n<p>In order to prevent infertility, the patient must make changes in his\/her lifestyle. It is necessary to lose excess weight, exercise regularly, reduce stress, and avoid smoking and alcohol. In addition, environmentally harmful waste should be avoided and tight clothing should not be preferred.<\/p>\n<p><b>What are the risk factors that cause infertility?<\/b><\/p>\n<p>Many health problems in both men and women can cause infertility. Some risk factors affecting infertility: Reasons such as obesity, vaginismus, closed cervix, drug use, chemotherapy and radiotherapy are among the risk factors that affect infertility.<\/p>\n<p><b>How to understand whether you are infertile or not?<\/b><\/p>\n<p>Inability to conceive a child within 1 or 2 years despite regular and unprotected sexual intercourse can be considered a symptom of infertility.&nbsp;<\/p>\n<p>In order to diagnose the patient as infertile, the patient must be examined by a physician and some tests must be performed. <b>infertility<\/b> To get detailed information about the disease, consult Urology Specialist Op. Dr. You can consult Serhat D\u00f6nmezer.<\/p>\t\t\t\t\t\t<\/div>\n\t\t\t\t<\/div>\n\t\t\t\t\t<\/div>\n\t\t<\/div>\n\t\t\t\t<div class=\"elementor-column elementor-col-33 elementor-top-column elementor-element elementor-element-0255b6b yazikapsasidebar\" data-id=\"0255b6b\" data-element_type=\"column\">\n\t\t\t<div class=\"elementor-widget-wrap elementor-element-populated\">\n\t\t\t\t\t\t\t\t<div class=\"elementor-element elementor-element-59bf676 elementor-widget elementor-widget-sidebar\" data-id=\"59bf676\" data-element_type=\"widget\" data-widget_type=\"sidebar.default\">\n\t\t\t\t<div class=\"elementor-widget-container\">\n\t\t\t<section id=\"nav_menu-2\" class=\"widget widget_nav_menu\"><h5 class=\"widget-title\">Our treatments<\/h5><\/section><section id=\"block-2\" class=\"widget widget_block\">\r\n<div class=\"wp-block-contact-form-7-contact-form-selector\">\n<div class=\"wpcf7 no-js\" id=\"wpcf7-f37844-o1\" lang=\"en-US\" dir=\"ltr\" data-wpcf7-id=\"37844\">\n<div class=\"screen-reader-response\"><p role=\"status\" aria-live=\"polite\" aria-atomic=\"true\"><\/p> <ul><\/ul><\/div>\n<form action=\"\/en\/wp-json\/wp\/v2\/pages\/49648#wpcf7-f37844-o1\" method=\"post\" class=\"wpcf7-form init\" aria-label=\"contact form\" novalidate=\"novalidate\" data-status=\"init\" data-trp-original-action=\"\/en\/wp-json\/wp\/v2\/pages\/49648#wpcf7-f37844-o1\">\n<fieldset class=\"hidden-fields-container\"><input type=\"hidden\" name=\"_wpcf7\" value=\"37844\" \/><input type=\"hidden\" name=\"_wpcf7_version\" value=\"6.1.5\" \/><input type=\"hidden\" name=\"_wpcf7_locale\" value=\"en_US\" \/><input type=\"hidden\" name=\"_wpcf7_unit_tag\" value=\"wpcf7-f37844-o1\" \/><input type=\"hidden\" name=\"_wpcf7_container_post\" value=\"0\" \/><input type=\"hidden\" name=\"_wpcf7_posted_data_hash\" value=\"\" \/>\n<\/fieldset>\n<div class=\"book-appointment\">\n\t<div class=\"row\">\n\t\t<div class=\"col-lg-12 col-md-12 col-sm-12 col-xs-12\">\n\t\t\t<div class=\"form-row\">\n\t\t\t\t<p><span class=\"wpcf7-form-control-wrap\" data-name=\"text-958\"><input size=\"40\" maxlength=\"400\" class=\"wpcf7-form-control wpcf7-text wpcf7-validates-as-required\" aria-required=\"true\" aria-invalid=\"false\" placeholder=\"Name surname\" value=\"\" type=\"text\" name=\"text-958\" \/><\/span><span><i class=\"fa fa-user\" aria-hidden=\"true\"><\/i><\/span>\n\t\t\t\t<\/p>\n\t\t\t<\/div>\n\t\t<\/div>\n\t<\/div>\n\t<div class=\"row\">\n\t\t<div class=\"col-lg-12 col-md-12 col-sm-12 col-xs-12\">\n\t\t\t<div class=\"form-row\">\n\t\t\t\t<p><span class=\"wpcf7-form-control-wrap\" data-name=\"tel-477\"><input size=\"40\" maxlength=\"400\" class=\"wpcf7-form-control wpcf7-tel wpcf7-validates-as-required wpcf7-text wpcf7-validates-as-tel\" aria-required=\"true\" aria-invalid=\"false\" placeholder=\"Telephone\" value=\"\" type=\"tel\" name=\"tel-477\" \/><\/span><span><i class=\"fa fa-phone\" aria-hidden=\"true\"><\/i><\/span>\n\t\t\t\t<\/p>\n\t\t\t<\/div>\n\t\t<\/div>\n\t<\/div>\n\t<div class=\"row\">\n\t\t<div class=\"col-lg-12 col-md-12 col-sm-12 col-xs-12\">\n\t\t\t<div class=\"form-row\">\n\t\t\t\t<p><span class=\"wpcf7-form-control-wrap\" data-name=\"email-757\"><input size=\"40\" maxlength=\"400\" class=\"wpcf7-form-control wpcf7-email wpcf7-validates-as-required wpcf7-text wpcf7-validates-as-email\" aria-required=\"true\" aria-invalid=\"false\" placeholder=\"E-mail\" value=\"\" type=\"email\" name=\"email-757\" \/><\/span><span><i class=\"fa fa-envelope-o\" aria-hidden=\"true\"><\/i><\/span>\n\t\t\t\t<\/p>\n\t\t\t<\/div>\n\t\t<\/div>\n\t<\/div>\n\t<div class=\"row\">\n\t\t<div class=\"col-lg-12 col-md-12 col-sm-12 col-xs-12\">\n\t\t\t<div class=\"form-row\">\n\t\t\t\t<p><span class=\"wpcf7-form-control-wrap\" data-name=\"textarea-880\"><textarea cols=\"40\" rows=\"10\" maxlength=\"2000\" class=\"wpcf7-form-control wpcf7-textarea\" aria-invalid=\"false\" placeholder=\"Message\" name=\"textarea-880\"><\/textarea><\/span>\n\t\t\t\t<\/p>\n\t\t\t<\/div>\n\t\t<\/div>\n\t<\/div>\n\t<div class=\"row\">\n\t\t<div class=\"col-lg-12 col-md-12 col-sm-12 col-xs-12\">\n\t\t\t<div class=\"form-row\">\n\t\t\t\t<p><span class=\"wpcf7-form-control-wrap\" data-name=\"hcap-cf7\">\t\t<input\n\t\t\t\ttype=\"hidden\"\n\t\t\t\tclass=\"hcaptcha-widget-id\"\n\t\t\t\tname=\"hcaptcha-widget-id\"\n\t\t\t\tvalue=\"eyJzb3VyY2UiOlsiY29udGFjdC1mb3JtLTdcL3dwLWNvbnRhY3QtZm9ybS03LnBocCJdLCJmb3JtX2lkIjozNzg0NH0=-db23d87e42e46126f2768526b52cd8ef\">\n\t\t\t\t<span id=\"hcap_cf7-69ea5aafb04f56.76034789\" class=\"wpcf7-form-control h-captcha\"\n\t\t\tdata-sitekey=\"2844963e-d3e5-4439-ae8e-c326baed8273\"\n\t\t\tdata-theme=\"light\"\n\t\t\tdata-size=\"normal\"\n\t\t\tdata-auto=\"false\"\n\t\t\tdata-ajax=\"false\"\n\t\t\tdata-force=\"false\">\n\t\t<\/span>\n\t\t<input type=\"hidden\" id=\"_wpnonce\" name=\"_wpnonce\" value=\"fa027c94dd\" \/><input type=\"hidden\" name=\"_wp_http_referer\" value=\"\/en\/wp-json\/wp\/v2\/pages\/49648\" \/><\/span><input class=\"wpcf7-form-control wpcf7-submit has-spinner\" type=\"submit\" value=\"Send\" \/>\n\t\t\t\t<\/p>\n\t\t\t<\/div>\n\t\t<\/div>\n\t<\/div>\n<\/div><div class=\"wpcf7-response-output\" aria-hidden=\"true\"><\/div>\n<input type=\"hidden\" name=\"trp-form-language\" value=\"en\"\/><\/form>\n<\/div>\n<\/div>\r\n<\/section>\t\t<\/div>\n\t\t\t\t<\/div>\n\t\t\t\t\t<\/div>\n\t\t<\/div>\n\t\t\t\t\t\t\t<\/div>\n\t\t<\/section>\n\t\t\t\t\t\t\t<\/div>","protected":false},"excerpt":{"rendered":"<p>Subject Summary: Failure to become pregnant within 1 year despite couples having regular and unprotected intercourse is defined as infertility, or as it is commonly known, barren. There are different reasons that affect the disease, which is a very common health problem today. The disease, which prevents childbearing, is as common in men as it affects women. The causes of infertility are mostly [\u2026]<\/p>","protected":false},"author":1,"featured_media":50355,"parent":0,"menu_order":0,"comment_status":"closed","ping_status":"closed","template":"elementor_header_footer","meta":{"_acf_changed":false,"footnotes":""},"class_list":["post-49648","page","type-page","status-publish","has-post-thumbnail","hentry"],"acf":[],"_links":{"self":[{"href":"https:\/\/serhatdonmezer.com\/en\/wp-json\/wp\/v2\/pages\/49648","targetHints":{"allow":["GET"]}}],"collection":[{"href":"https:\/\/serhatdonmezer.com\/en\/wp-json\/wp\/v2\/pages"}],"about":[{"href":"https:\/\/serhatdonmezer.com\/en\/wp-json\/wp\/v2\/types\/page"}],"author":[{"embeddable":true,"href":"https:\/\/serhatdonmezer.com\/en\/wp-json\/wp\/v2\/users\/1"}],"replies":[{"embeddable":true,"href":"https:\/\/serhatdonmezer.com\/en\/wp-json\/wp\/v2\/comments?post=49648"}],"version-history":[{"count":0,"href":"https:\/\/serhatdonmezer.com\/en\/wp-json\/wp\/v2\/pages\/49648\/revisions"}],"wp:featuredmedia":[{"embeddable":true,"href":"https:\/\/serhatdonmezer.com\/en\/wp-json\/wp\/v2\/media\/50355"}],"wp:attachment":[{"href":"https:\/\/serhatdonmezer.com\/en\/wp-json\/wp\/v2\/media?parent=49648"}],"curies":[{"name":"wp","href":"https:\/\/api.w.org\/{rel}","templated":true}]}}