{"id":51047,"date":"2022-01-19T15:06:58","date_gmt":"2022-01-19T12:06:58","guid":{"rendered":"https:\/\/serhatdonmezer.com\/?page_id=51047"},"modified":"2023-12-27T17:57:18","modified_gmt":"2023-12-27T14:57:18","slug":"urinary-incontinence-in-women","status":"publish","type":"page","link":"https:\/\/serhatdonmezer.com\/en\/kadinlarda-idrar-kacirma\/","title":{"rendered":"Urinary Incontinence in Women"},"content":{"rendered":"<div data-elementor-type=\"wp-page\" data-elementor-id=\"51047\" class=\"elementor elementor-51047\">\n\t\t\t\t\t\t\t\t\t<section class=\"elementor-section elementor-top-section elementor-element elementor-element-4ec06fc yazikapsa elementor-section-boxed elementor-section-height-default elementor-section-height-default\" data-id=\"4ec06fc\" data-element_type=\"section\">\n\t\t\t\t\t\t<div class=\"elementor-container elementor-column-gap-default\">\n\t\t\t\t\t<div class=\"elementor-column elementor-col-66 elementor-top-column elementor-element elementor-element-14978f7\" data-id=\"14978f7\" data-element_type=\"column\">\n\t\t\t<div class=\"elementor-widget-wrap elementor-element-populated\">\n\t\t\t\t\t\t\t\t<div class=\"elementor-element elementor-element-a5a3e3d elementor-widget elementor-widget-image\" data-id=\"a5a3e3d\" data-element_type=\"widget\" data-widget_type=\"image.default\">\n\t\t\t\t<div class=\"elementor-widget-container\">\n\t\t\t\t\t\t\t\t\t\t\t\t\t\t\t<img decoding=\"async\" width=\"1000\" height=\"563\" src=\"https:\/\/serhatdonmezer.com\/wp-content\/uploads\/2022\/01\/kadinlarda-idrar-kacirmaa.jpg\" class=\"attachment-large size-large wp-image-51057\" alt=\"Urinary Incontinence in Women\" srcset=\"https:\/\/serhatdonmezer.com\/wp-content\/uploads\/2022\/01\/kadinlarda-idrar-kacirmaa.jpg 1000w, https:\/\/serhatdonmezer.com\/wp-content\/uploads\/2022\/01\/kadinlarda-idrar-kacirmaa-400x225.jpg 400w, https:\/\/serhatdonmezer.com\/wp-content\/uploads\/2022\/01\/kadinlarda-idrar-kacirmaa-768x432.jpg 768w\" sizes=\"(max-width: 1000px) 100vw, 1000px\" title=\"\">\t\t\t\t\t\t\t\t\t\t\t\t\t\t\t<\/div>\n\t\t\t\t<\/div>\n\t\t\t\t<div class=\"elementor-element elementor-element-05f3107 elementor-widget elementor-widget-text-editor\" data-id=\"05f3107\" data-element_type=\"widget\" data-widget_type=\"text-editor.default\">\n\t\t\t\t<div class=\"elementor-widget-container\">\n\t\t\t\t\t\t\t<p>Women who are older, who have had a difficult or multiple birth, or who have weak pelvic area muscles \u00a0<b>urinary incontinence in women<\/b> It is seen very often. This situation reflects negatively on daily life.<\/p><p>It is very common in post-menopausal women. They are afraid to even go out for fear of urinary incontinence. While some women with urinary incontinence prefer to seek medical support due to the distress they experience, others accept this condition as a normal effect of aging and do not seek medical support.<\/p><p>Urinary incontinence in women is a condition that the patient cannot control. The patient cannot hold his urine. This condition is medically called urinary incontinence. It is a disease that can occur at any age, but is more common in the elderly.<\/p><p>Kiss. Dr. Serhat Donmezer<b>\u00a0urinary incontinence in women<\/b> He answered your questions about your problems. You can find the answers to your questions in the rest of the article.<\/p>\t\t\t\t\t\t<\/div>\n\t\t\t\t<\/div>\n\t\t\t\t<div class=\"elementor-element elementor-element-bb1cd87 elementor-widget elementor-widget-text-editor\" data-id=\"bb1cd87\" data-element_type=\"widget\" data-widget_type=\"text-editor.default\">\n\t\t\t\t<div class=\"elementor-widget-container\">\n\t\t\t\t\t\t\t<h2>Risk Factors for Urinary Incontinence in Women<\/h2><p><b>Urinary incontinence in women<\/b> It can occur due to many reasons. Some of these reasons are;<\/p><p><b>Age<\/b><\/p><p>The muscles that form the pelvic floor, contract and prevent urinary incontinence, weaken with age. When the lower abdomen becomes weak, urinary incontinence may occur. According to research, it has been observed that urinary incontinence increases after the age of 54 and the risk of stress incontinence begins after the age of 35.<\/p><p><b>Pregnancy and Birth<\/b><\/p><div id=\"result\" class=\"divText ouputsection\" data-text=\"Your paraphrased content will appear here\">Urinary incontinence may result from damage to the nerves that control urination during birth or damage to the ring-shaped muscle structure that prevents urine from leaking out of the bladder. The baby&#039;s birth weight and the weight he gained during pregnancy and birth are among the important risk factors for urinary incontinence.\u00a0<\/div><p><b>Obesity<\/b><\/p><div id=\"result\" class=\"divText ouputsection\" data-text=\"Your paraphrased content will appear here\">Weight gain damages the muscles lining the pelvic floor. Having a body mass index over 30 increases the risk of urinary incontinence. Only people who have urinary incontinence problems for this reason can improve their urinary incontinence after losing weight.<\/div><p><b>Chronic Constipation (Constipation)<\/b><\/p><div id=\"result\" class=\"divText ouputsection\" data-text=\"Your paraphrased content will appear here\">Prolonged exercise with constipation causes increased intra-abdominal pressure. This increase in pressure can prevent the nerves and muscles that control bladder function from providing blood flow, causing urinary incontinence.<\/div>\t\t\t\t\t\t<\/div>\n\t\t\t\t<\/div>\n\t\t\t\t<div class=\"elementor-element elementor-element-5026a13 elementor-widget elementor-widget-text-editor\" data-id=\"5026a13\" data-element_type=\"widget\" data-widget_type=\"text-editor.default\">\n\t\t\t\t<div class=\"elementor-widget-container\">\n\t\t\t\t\t\t\t<h3>What kind of complications occur after urinary incontinence?<\/h3><div><div id=\"result\" class=\"divText ouputsection\" data-text=\"Your paraphrased content will appear here\">It causes the skin covering the genital area to be constantly moist and causes redness. Since it is easier for bacteria to grow in this moist environment, recurrent urinary tract infections may occur.<\/div><div data-text=\"Your paraphrased content will appear here\">\u00a0<\/div><div data-text=\"Your paraphrased content will appear here\"><div id=\"result\" class=\"divText ouputsection\" data-text=\"Your paraphrased content will appear here\">In addition to urinary incontinence, the emergence of problems related to daily and professional life negatively affects the person&#039;s quality of life.<\/div><\/div><\/div>\t\t\t\t\t\t<\/div>\n\t\t\t\t<\/div>\n\t\t\t\t<div class=\"elementor-element elementor-element-1c528c3 elementor-widget elementor-widget-text-editor\" data-id=\"1c528c3\" data-element_type=\"widget\" data-widget_type=\"text-editor.default\">\n\t\t\t\t<div class=\"elementor-widget-container\">\n\t\t\t\t\t\t\t<p><img decoding=\"async\" class=\"wp-image-51795 alignleft\" src=\"https:\/\/serhatdonmezer.com\/wp-content\/uploads\/2022\/03\/kadinlarda-idrar-kacirma-nedenleri-400x201.jpg\" alt=\"urinary incontinence in women\" width=\"621\" height=\"312\" title=\"\" srcset=\"https:\/\/serhatdonmezer.com\/wp-content\/uploads\/2022\/03\/kadinlarda-idrar-kacirma-nedenleri-400x201.jpg 400w, https:\/\/serhatdonmezer.com\/wp-content\/uploads\/2022\/03\/kadinlarda-idrar-kacirma-nedenleri.jpg 666w\" sizes=\"(max-width: 621px) 100vw, 621px\" \/><\/p>\t\t\t\t\t\t<\/div>\n\t\t\t\t<\/div>\n\t\t\t\t<div class=\"elementor-element elementor-element-c1e13d2 elementor-widget elementor-widget-text-editor\" data-id=\"c1e13d2\" data-element_type=\"widget\" data-widget_type=\"text-editor.default\">\n\t\t\t\t<div class=\"elementor-widget-container\">\n\t\t\t\t\t\t\t<h3>Causes of Urinary Incontinence in Women<\/h3><ul><li>Familial predisposition. If the mother or sisters have it, the risk increases threefold.<\/li><li>Advancing age.<\/li><li>Pregnancy, childbirth, difficult or invasive births<\/li><li>Previous gynecological surgeries<\/li><li>Receiving radiation therapy for cancer<\/li><li>Frequent urinary tract infections, cystitis<\/li><li>drinking too much alcohol<\/li><li>Herniated disc, dementia, multiple sclerosis affecting the nerves of the bladder<\/li><li>entering menopause<\/li><li>chronic constipation<\/li><li>Diabetes, high blood pressure, heart disease, chronic lung disease<\/li><li>Being overweight or obese.<\/li><li>Inactivity, sedentary lifestyle<\/li><\/ul>\t\t\t\t\t\t<\/div>\n\t\t\t\t<\/div>\n\t\t\t\t<div class=\"elementor-element elementor-element-8421916 elementor-widget elementor-widget-text-editor\" data-id=\"8421916\" data-element_type=\"widget\" data-widget_type=\"text-editor.default\">\n\t\t\t\t<div class=\"elementor-widget-container\">\n\t\t\t\t\t\t\t<h3>Types and Symptoms of Urinary Incontinence in Women<\/h3><p>There are different types of urinary incontinence, such as persistent urinary incontinence, stress type, urge type, mixed type, nocturnal enuresis (urinary incontinence during sleep), functional type, and overflow type urinary incontinence.<\/p><ul><li><b>Stress Incontinence: <\/b>It is urinary incontinence that occurs as a result of increased intra-abdominal pressure reflecting on the bladder during events such as coughing, sneezing, heavy lifting.<\/li><li><b>Urge Incontinence:<\/b> It is a condition of involuntary urinary incontinence (inability to urinate) after a sudden urge to urinate. Urge incontinence is the most common type of urinary incontinence in elderly patients.<\/li><li><b>Mixed Type Incontinence:<\/b><\/li><li>It is the combination of both stress type and neurogenic type.<\/li><li><b>Nocturnal Enuresis:<\/b> It is a type of urinary incontinence that means the inability to control urine after sleeping at night.<\/li><li><b>Overflow Urinary Incontinence: <\/b>This happens because the bladder is overstretched. Frequent or persistent leaking and dripping urinary incontinence is the main symptom.<\/li><li><b>Functional Incontinence: <\/b>Even though there is no problem in the urinary tract or bladder, urinary incontinence occurs when the patient does not go to the toilet on time. It occurs due to physical or cognitive limitations.<\/li><\/ul><p>Since foods and drinks consumed during the day have diuretic properties, urinary incontinence may sometimes occur. Temporary urinary incontinence occurs when the amount of urine increases and the bladder is stimulated.<\/p><p>Medications such as alcohol, caffeine, carbonated and acidic drinks, artificial sweeteners, spicy and bitter foods, sedatives and muscle relaxants can cause temporary urinary incontinence.<\/p>\t\t\t\t\t\t<\/div>\n\t\t\t\t<\/div>\n\t\t\t\t<div class=\"elementor-element elementor-element-9b24857 elementor-widget elementor-widget-text-editor\" data-id=\"9b24857\" data-element_type=\"widget\" data-widget_type=\"text-editor.default\">\n\t\t\t\t<div class=\"elementor-widget-container\">\n\t\t\t\t\t\t\t<h3>Urinary Incontinence Diagnostic Methods<\/h3><div class=\"MuiGrid-root MuiGrid-container MuiGrid-spacing-xs-3\"><div class=\"MuiGrid-root MuiGrid-item MuiGrid-grid-xs-12 MuiGrid-grid-sm-6\"><div class=\"MuiGrid-root MuiGrid-item MuiGrid-grid-xs-12\"><div class=\"jss25 jss34\"><p class=\"MuiTypography-root MuiTypography-body2 MuiTypography-alignJustify\">\u2022 Diagnosis of urinary incontinence begins with the patient&#039;s medical history. The type of incontinence is evaluated by examining when the symptoms started, the degree of incontinence, and which factors increase and decrease. Evaluation of neurological disorders and anatomical abnormalities that may contribute to urinary incontinence, as well as a physical examination by a physician, play an important role in the diagnosis phase.<\/p><p class=\"MuiTypography-root MuiTypography-body2 MuiTypography-alignJustify\">\u2022 Stress testing is used to evaluate the presence of urinary incontinence when a person with urinary incontinence coughs with a full bladder.<\/p><p class=\"MuiTypography-root MuiTypography-body2 MuiTypography-alignJustify\">\u2022 One of the methods used for diagnosis is the urine diary. Urinary incontinence status and frequency are recorded in the chart.<\/p><p class=\"MuiTypography-root MuiTypography-body2 MuiTypography-alignJustify\">\u2022 Urinalysis and biochemical analysis are laboratory analyzes that provide information about the presence of infection and kidney capacity.<\/p><p class=\"MuiTypography-root MuiTypography-body2 MuiTypography-alignJustify\">\u2022 Ultrasound imaging checks for obstructive conditions such as tumors and stones in the bladder and urinary tract. USG uses a test called PVR, which is performed a few minutes after the person has urinated. The PVR test measures the amount of urine left in the bladder after a person urinates.<\/p><p>\u2022 Urodynamic tests, which measure bladder pressure, and urethrocystoscopy, which provides endoscopic examination of the bladder, are other diagnostic methods that can be used when there are various problems related to urinary incontinence.<\/p><\/div><\/div><\/div><\/div>\t\t\t\t\t\t<\/div>\n\t\t\t\t<\/div>\n\t\t\t\t<div class=\"elementor-element elementor-element-bc3dcda elementor-widget elementor-widget-text-editor\" data-id=\"bc3dcda\" data-element_type=\"widget\" data-widget_type=\"text-editor.default\">\n\t\t\t\t<div class=\"elementor-widget-container\">\n\t\t\t\t\t\t\t<h3>Treatment of Urinary Incontinence in Women<\/h3><p><b>Urinary incontinence in women<\/b> It can be treated with surgical and non-surgical methods. Since urinary incontinence is a functional disorder, it must be well managed in order to obtain positive results in its treatment. First of all, the cause of urinary incontinence and what type it is should be determined and treatment should be started accordingly. While drug therapy is generally used in the treatment of urge urinary incontinence, surgery is used in stress urinary incontinence. The surgical procedure to be performed must be performed by physicians who are experts in the field.<\/p>\t\t\t\t\t\t<\/div>\n\t\t\t\t<\/div>\n\t\t\t\t<div class=\"elementor-element elementor-element-8c24f2e elementor-widget elementor-widget-text-editor\" data-id=\"8c24f2e\" data-element_type=\"widget\" data-widget_type=\"text-editor.default\">\n\t\t\t\t<div class=\"elementor-widget-container\">\n\t\t\t\t\t\t\t<p><img decoding=\"async\" class=\"alignnone  wp-image-51800\" src=\"https:\/\/serhatdonmezer.com\/wp-content\/uploads\/2022\/03\/idrar-kacirma-400x225.webp\" alt=\"urinary incontinence in women\" width=\"628\" height=\"353\" title=\"\" srcset=\"https:\/\/serhatdonmezer.com\/wp-content\/uploads\/2022\/03\/idrar-kacirma-400x225.webp 400w, https:\/\/serhatdonmezer.com\/wp-content\/uploads\/2022\/03\/idrar-kacirma.webp 728w\" sizes=\"(max-width: 628px) 100vw, 628px\" \/><\/p><p>\u00a0<\/p>\t\t\t\t\t\t<\/div>\n\t\t\t\t<\/div>\n\t\t\t\t<div class=\"elementor-element elementor-element-2a9714c elementor-widget elementor-widget-text-editor\" data-id=\"2a9714c\" data-element_type=\"widget\" data-widget_type=\"text-editor.default\">\n\t\t\t\t<div class=\"elementor-widget-container\">\n\t\t\t\t\t\t\t<h3>Treatment Methods for Urinary Incontinence in Women<\/h3><p><b>Urinary incontinence in women<\/b> Treatment methods are basically divided into three groups: behavioral, drug therapy and surgery.<\/p><p>Simple lifestyle changes such as weight loss and restricting fluid intake at night are recommended in behavioral therapy for obese individuals. In a behavioral therapy method called bladder training, the patient is asked to urinate only at certain time intervals and empty the bladder as much as possible. Therefore, its purpose is to control the urination reflex. Training the pelvic floor muscles is another behavioral therapy. A practice called Kegel exercises aims to strengthen the muscles that control urination.<\/p><p>Contraction of the bladder is achieved by nerve cells that secrete a substance called acetylcholine. Therefore, anticholinergic drugs treat urge incontinence by blocking this substance, reducing urgency and increasing bladder capacity. In the treatment of stress urinary incontinence, antidepressants are preferred to prevent urinary incontinence by narrowing the urinary tract.<\/p><p>Application of Botox to the bladder muscles is included in surgical procedures. It is especially useful in stopping muscle activity in case of overactive bladder.<\/p><p>In addition to surgical procedures, surgical procedures can be used in the treatment of urinary incontinence when necessary.<b>. <\/b>Sling surgeries are one of the most commonly used surgical procedures in the treatment of urinary incontinence. The aim of sling surgeries is to support the bladder neck and urethra, which connects the bladder to the outside of the body, in a way that prevents but does not hinder urine leakage under stress.<\/p>\t\t\t\t\t\t<\/div>\n\t\t\t\t<\/div>\n\t\t\t\t<div class=\"elementor-element elementor-element-9dcf31d elementor-widget elementor-widget-text-editor\" data-id=\"9dcf31d\" data-element_type=\"widget\" data-widget_type=\"text-editor.default\">\n\t\t\t\t<div class=\"elementor-widget-container\">\n\t\t\t\t\t\t\t<h4>Urinary Incontinence Treatment with Robotic Surgery<\/h4><div id=\"result\" class=\"divText ouputsection\" data-text=\"Your paraphrased content will appear here\"><b>Urinary incontinence in women<\/b> In patients with significant pelvic organ prolapse, severe bladder prolapse can be corrected with robotic surgery. In this method, the protruding organ can be replaced by entering several 1 cm holes in the abdomen. In general, this intervention can be used during a one-day hospital stay. The results are quite successful, but it is not preferred because it is a very costly method.<\/div>\t\t\t\t\t\t<\/div>\n\t\t\t\t<\/div>\n\t\t\t\t<div class=\"elementor-element elementor-element-13601e7 elementor-widget elementor-widget-text-editor\" data-id=\"13601e7\" data-element_type=\"widget\" data-widget_type=\"text-editor.default\">\n\t\t\t\t<div class=\"elementor-widget-container\">\n\t\t\t\t\t\t\t<h4>Urinary Incontinence Surgery in Women<\/h4><div id=\"result\" class=\"divText ouputsection\" data-text=\"Your paraphrased content will appear here\"><div class=\"MuiGrid-root MuiGrid-container MuiGrid-spacing-xs-3\"><div class=\"MuiGrid-root MuiGrid-item MuiGrid-grid-xs-12 MuiGrid-grid-sm-6\"><div class=\"MuiGrid-root MuiGrid-item MuiGrid-grid-xs-12\"><div class=\"jss25 jss34\"><p>Uygun hastalarda genellikle vajina yoluyla-ask\u0131 y\u00f6ntemi uygulanmaktad\u0131r. Buradaki ama\u00e7; \u00fcriner inkontinansa neden olan \u00fcretra a\u00e7\u0131s\u0131n\u0131 d\u00fczelterek,\u00a0 destek sa\u011flamakt\u0131r. Belirgin mesane sarkmas\u0131 olmayan hastalarda genellikle 15-20 dakikal\u0131k bir ameliyatla sorun kal\u0131c\u0131 olarak \u00e7\u00f6z\u00fcl\u00fcr. \u00a0\u00a0Hastalar genellikle ertesi g\u00fcn taburcu edilir ve i\u015flemin etkileri ertesi g\u00fcn \u00fcretral sonda \u00e7ekildikten sonra g\u00f6r\u00fcl\u00fcr. Hafif ve orta \u015fiddette \u015fikayetleri olan hastalarda, ciddi yan etki olmaks\u0131z\u0131n hastalar\u0131n %95\u2019e varan oranda sorun tamamen ortadan kalkar.<\/p><\/div><\/div><\/div><\/div><\/div>\t\t\t\t\t\t<\/div>\n\t\t\t\t<\/div>\n\t\t\t\t\t<\/div>\n\t\t<\/div>\n\t\t\t\t<div class=\"elementor-column elementor-col-33 elementor-top-column elementor-element elementor-element-0255b6b yazikapsasidebar\" data-id=\"0255b6b\" data-element_type=\"column\">\n\t\t\t<div class=\"elementor-widget-wrap elementor-element-populated\">\n\t\t\t\t\t\t\t\t<div class=\"elementor-element elementor-element-59bf676 elementor-widget elementor-widget-sidebar\" data-id=\"59bf676\" data-element_type=\"widget\" data-widget_type=\"sidebar.default\">\n\t\t\t\t<div class=\"elementor-widget-container\">\n\t\t\t<section id=\"nav_menu-2\" class=\"widget widget_nav_menu\"><h5 class=\"widget-title\">Our treatments<\/h5><\/section><section id=\"block-2\" class=\"widget widget_block\">\r\n<div class=\"wp-block-contact-form-7-contact-form-selector\">\n<div class=\"wpcf7 no-js\" id=\"wpcf7-f37844-o1\" lang=\"en-US\" dir=\"ltr\" data-wpcf7-id=\"37844\">\n<div class=\"screen-reader-response\"><p role=\"status\" aria-live=\"polite\" aria-atomic=\"true\"><\/p> <ul><\/ul><\/div>\n<form action=\"\/en\/wp-json\/wp\/v2\/pages\/51047#wpcf7-f37844-o1\" method=\"post\" class=\"wpcf7-form init\" aria-label=\"contact form\" novalidate=\"novalidate\" data-status=\"init\" data-trp-original-action=\"\/en\/wp-json\/wp\/v2\/pages\/51047#wpcf7-f37844-o1\">\n<fieldset class=\"hidden-fields-container\"><input type=\"hidden\" name=\"_wpcf7\" value=\"37844\" \/><input type=\"hidden\" name=\"_wpcf7_version\" value=\"6.1.5\" \/><input type=\"hidden\" name=\"_wpcf7_locale\" value=\"en_US\" \/><input type=\"hidden\" name=\"_wpcf7_unit_tag\" value=\"wpcf7-f37844-o1\" \/><input type=\"hidden\" name=\"_wpcf7_container_post\" value=\"0\" \/><input type=\"hidden\" name=\"_wpcf7_posted_data_hash\" value=\"\" \/>\n<\/fieldset>\n<div class=\"book-appointment\">\n\t<div class=\"row\">\n\t\t<div class=\"col-lg-12 col-md-12 col-sm-12 col-xs-12\">\n\t\t\t<div class=\"form-row\">\n\t\t\t\t<p><span class=\"wpcf7-form-control-wrap\" data-name=\"text-958\"><input size=\"40\" maxlength=\"400\" class=\"wpcf7-form-control wpcf7-text wpcf7-validates-as-required\" aria-required=\"true\" aria-invalid=\"false\" placeholder=\"Name surname\" value=\"\" type=\"text\" name=\"text-958\" \/><\/span><span><i class=\"fa fa-user\" aria-hidden=\"true\"><\/i><\/span>\n\t\t\t\t<\/p>\n\t\t\t<\/div>\n\t\t<\/div>\n\t<\/div>\n\t<div class=\"row\">\n\t\t<div class=\"col-lg-12 col-md-12 col-sm-12 col-xs-12\">\n\t\t\t<div class=\"form-row\">\n\t\t\t\t<p><span class=\"wpcf7-form-control-wrap\" data-name=\"tel-477\"><input size=\"40\" maxlength=\"400\" class=\"wpcf7-form-control wpcf7-tel wpcf7-validates-as-required wpcf7-text wpcf7-validates-as-tel\" aria-required=\"true\" aria-invalid=\"false\" placeholder=\"Telephone\" value=\"\" type=\"tel\" name=\"tel-477\" \/><\/span><span><i class=\"fa fa-phone\" aria-hidden=\"true\"><\/i><\/span>\n\t\t\t\t<\/p>\n\t\t\t<\/div>\n\t\t<\/div>\n\t<\/div>\n\t<div class=\"row\">\n\t\t<div class=\"col-lg-12 col-md-12 col-sm-12 col-xs-12\">\n\t\t\t<div class=\"form-row\">\n\t\t\t\t<p><span class=\"wpcf7-form-control-wrap\" data-name=\"email-757\"><input size=\"40\" maxlength=\"400\" class=\"wpcf7-form-control wpcf7-email wpcf7-validates-as-required wpcf7-text wpcf7-validates-as-email\" aria-required=\"true\" aria-invalid=\"false\" placeholder=\"E-mail\" value=\"\" type=\"email\" name=\"email-757\" \/><\/span><span><i class=\"fa fa-envelope-o\" aria-hidden=\"true\"><\/i><\/span>\n\t\t\t\t<\/p>\n\t\t\t<\/div>\n\t\t<\/div>\n\t<\/div>\n\t<div class=\"row\">\n\t\t<div class=\"col-lg-12 col-md-12 col-sm-12 col-xs-12\">\n\t\t\t<div class=\"form-row\">\n\t\t\t\t<p><span class=\"wpcf7-form-control-wrap\" data-name=\"textarea-880\"><textarea cols=\"40\" rows=\"10\" maxlength=\"2000\" class=\"wpcf7-form-control wpcf7-textarea\" aria-invalid=\"false\" placeholder=\"Message\" name=\"textarea-880\"><\/textarea><\/span>\n\t\t\t\t<\/p>\n\t\t\t<\/div>\n\t\t<\/div>\n\t<\/div>\n\t<div class=\"row\">\n\t\t<div class=\"col-lg-12 col-md-12 col-sm-12 col-xs-12\">\n\t\t\t<div class=\"form-row\">\n\t\t\t\t<p><span class=\"wpcf7-form-control-wrap\" data-name=\"hcap-cf7\">\t\t<input\n\t\t\t\ttype=\"hidden\"\n\t\t\t\tclass=\"hcaptcha-widget-id\"\n\t\t\t\tname=\"hcaptcha-widget-id\"\n\t\t\t\tvalue=\"eyJzb3VyY2UiOlsiY29udGFjdC1mb3JtLTdcL3dwLWNvbnRhY3QtZm9ybS03LnBocCJdLCJmb3JtX2lkIjozNzg0NH0=-db23d87e42e46126f2768526b52cd8ef\">\n\t\t\t\t<span id=\"hcap_cf7-69ec8f1db4bbd8.42319594\" class=\"wpcf7-form-control h-captcha\"\n\t\t\tdata-sitekey=\"2844963e-d3e5-4439-ae8e-c326baed8273\"\n\t\t\tdata-theme=\"light\"\n\t\t\tdata-size=\"normal\"\n\t\t\tdata-auto=\"false\"\n\t\t\tdata-ajax=\"false\"\n\t\t\tdata-force=\"false\">\n\t\t<\/span>\n\t\t<input type=\"hidden\" id=\"_wpnonce\" name=\"_wpnonce\" value=\"9b352b24da\" \/><input type=\"hidden\" name=\"_wp_http_referer\" value=\"\/en\/wp-json\/wp\/v2\/pages\/51047\" \/><\/span><input class=\"wpcf7-form-control wpcf7-submit has-spinner\" type=\"submit\" value=\"Send\" \/>\n\t\t\t\t<\/p>\n\t\t\t<\/div>\n\t\t<\/div>\n\t<\/div>\n<\/div><div class=\"wpcf7-response-output\" aria-hidden=\"true\"><\/div>\n<input type=\"hidden\" name=\"trp-form-language\" value=\"en\"\/><\/form>\n<\/div>\n<\/div>\r\n<\/section>\t\t<\/div>\n\t\t\t\t<\/div>\n\t\t\t\t\t<\/div>\n\t\t<\/div>\n\t\t\t\t\t\t\t<\/div>\n\t\t<\/section>\n\t\t\t\t\t\t\t<\/div>","protected":false},"excerpt":{"rendered":"<p>Urinary incontinence is very common in women who are older, who have had a difficult or multiple birth, or who have weak pelvic area muscles. This situation reflects negatively on daily life. It is very common in post-menopausal women. They are afraid to even go out for fear of urinary incontinence. Some women with urinary incontinence prefer to seek medical support due to the distress they experience [\u2026]<\/p>","protected":false},"author":1,"featured_media":50355,"parent":0,"menu_order":0,"comment_status":"closed","ping_status":"closed","template":"elementor_header_footer","meta":{"_acf_changed":false,"footnotes":""},"class_list":["post-51047","page","type-page","status-publish","has-post-thumbnail","hentry"],"acf":[],"_links":{"self":[{"href":"https:\/\/serhatdonmezer.com\/en\/wp-json\/wp\/v2\/pages\/51047","targetHints":{"allow":["GET"]}}],"collection":[{"href":"https:\/\/serhatdonmezer.com\/en\/wp-json\/wp\/v2\/pages"}],"about":[{"href":"https:\/\/serhatdonmezer.com\/en\/wp-json\/wp\/v2\/types\/page"}],"author":[{"embeddable":true,"href":"https:\/\/serhatdonmezer.com\/en\/wp-json\/wp\/v2\/users\/1"}],"replies":[{"embeddable":true,"href":"https:\/\/serhatdonmezer.com\/en\/wp-json\/wp\/v2\/comments?post=51047"}],"version-history":[{"count":0,"href":"https:\/\/serhatdonmezer.com\/en\/wp-json\/wp\/v2\/pages\/51047\/revisions"}],"wp:featuredmedia":[{"embeddable":true,"href":"https:\/\/serhatdonmezer.com\/en\/wp-json\/wp\/v2\/media\/50355"}],"wp:attachment":[{"href":"https:\/\/serhatdonmezer.com\/en\/wp-json\/wp\/v2\/media?parent=51047"}],"curies":[{"name":"wp","href":"https:\/\/api.w.org\/{rel}","templated":true}]}}