{"id":51447,"date":"2022-03-14T12:15:49","date_gmt":"2022-03-14T09:15:49","guid":{"rendered":"https:\/\/serhatdonmezer.com\/?page_id=51447"},"modified":"2025-07-05T11:21:47","modified_gmt":"2025-07-05T08:21:47","slug":"cookie-policy-2","status":"publish","type":"page","link":"https:\/\/serhatdonmezer.com\/en\/cerez-politikasi-2\/","title":{"rendered":"Cookie Policy"},"content":{"rendered":"<div data-elementor-type=\"wp-page\" data-elementor-id=\"51447\" class=\"elementor elementor-51447\">\n\t\t\t\t\t\t\t\t\t<section class=\"elementor-section elementor-top-section elementor-element elementor-element-4ec06fc yazikapsa elementor-section-boxed elementor-section-height-default elementor-section-height-default\" data-id=\"4ec06fc\" data-element_type=\"section\">\n\t\t\t\t\t\t<div class=\"elementor-container elementor-column-gap-default\">\n\t\t\t\t\t<div class=\"elementor-column elementor-col-66 elementor-top-column elementor-element elementor-element-14978f7\" data-id=\"14978f7\" data-element_type=\"column\">\n\t\t\t<div class=\"elementor-widget-wrap elementor-element-populated\">\n\t\t\t\t\t\t\t\t<div class=\"elementor-element elementor-element-05f3107 elementor-widget elementor-widget-text-editor\" data-id=\"05f3107\" data-element_type=\"widget\" data-widget_type=\"text-editor.default\">\n\t\t\t\t<div class=\"elementor-widget-container\">\n\t\t\t\t\t\t\t<p>This Cookie Policy Op. Dr. It is valid for all platforms accessed and used through websites and mobile platforms operated by Serhat D\u00f6nmezer, third party programs or websites.<\/p><p>1. Purpose of Use of Cookies<\/p><p>Cookies are stored by websites on computers, smartphones, tablets, etc. These are definition files left to communication tools. It enables the recognition of accessed devices in order to provide improved user experience when websites are revisited.<\/p><p>Cookies help the relevant website remember information about your visit to any website. It can facilitate your next visit and make the site more useful.<\/p><p><em><u>Cebeci Residence, Do\u011fu Mahallesi Ayd\u0131nl\u0131yolu Caddesi, Madalyon Sk. A Blok No: 8, 34890 Pendik\/Istanbul<\/u><\/em> The use of cookies left at is carried out in accordance with the Personal Data Protection Law No. 6698 and the legislation we are obliged to comply with.<\/p><p>2.Use of Cookies<\/p><p><strong>https:\/\/serhatdonmezer.com\/<\/strong> When you visit the website, you agree to the clinic placing cookies on your device that are necessary for the use of the website.<\/p><p>If you do not want the clinic to use cookies on your device, you can reject the use of cookies in the cookie settings section of your browser. If you reject the use of cookies, you may not be able to use some parts of the website properly.<\/p><p>When deemed necessary, the Clinic may stop using the cookies it uses, change their types or functions, or add new cookies to the website. In cases where the Cookie Policy is changed, the modified policy will be valid from the date of change.<\/p><p>3. Types of Cookies Used and Purposes of Use<\/p><p>Session cookies: These refer to temporary cookies that are kept on your devices until you leave the website.<\/p><p>Persistent cookies: These are cookies that remain on your device&#039;s hard disk for a long time.<\/p><p>Mandatory cookies: Enable the website to function properly and allow users to navigate the site and benefit from its features. Mandatory cookies are anonymous.<\/p><p>Functional and Analytical cookies: They include data about remembering your preferences, using the website effectively, optimizing the site to respond to user requests, and how visitors use the site. Due to their nature, these types of cookies contain usernames, etc. may contain your personal information.<\/p><p>The retention period of the session, permanent, functional and analytical cookies described above is approximately six months, but necessary adjustments can be made for this period in the settings of the internet browser from which our site is accessed.<\/p><p>The information obtained from the cookies used by the Clinic mentioned above may be processed in line with your consent when necessary in accordance with Articles 5 and 8 of Law No. 6698, otherwise without your consent, within the scope of the exceptions specified in Articles 5 and 8 of the Law, for the above purposes. As a Clinic, we state that we may share your personal data within the scope of the Cookie Policy with third parties and business partners who are in relationship with the Clinic, in accordance with the legislation, limited to the purposes stated above, and that the parties to whom your data is transferred may store your personal data on their own servers.<\/p><ol start=\"4\"><li>Ways to Control Cookie Usage<\/li><\/ol><p>You have the opportunity to personalize your preferences regarding cookies by changing the settings of your browser.<\/p><ol start=\"5\"><li>Your Rights Under KVKK Regarding the Cookies Obtained by You<\/li><\/ol><p>In accordance with Article 11 of the KVKK, everyone can apply to the data controller and;<\/p><ul><li>Learning whether personal data is processed or not,<\/li><li>Requesting information if personal data has been processed,<\/li><li>Learning the purpose of processing personal data and whether they are used for their intended purpose,<\/li><li>Knowing the third parties to whom personal data is transferred within the country,<\/li><li>Requesting correction of personal data if it is incomplete or incorrectly processed,<\/li><li>Requesting the deletion or destruction of personal data in case the reasons requiring processing are eliminated, even though it has been processed in accordance with the law and other relevant legal provisions,<\/li><li>In case of requesting the correction of incomplete or inaccurate data and the deletion or destruction of personal data, requesting that this situation be notified to third parties to whom personal data has been transferred,<\/li><li>Objecting to the emergence of a result that is unfavorable to the individual by analyzing the processed data exclusively through automatic systems,<\/li><li>Requesting compensation for the damage in case of damage due to illegal processing of personal data,<\/li><\/ul><p>has the rights.<\/p><p>To exercise your rights listed above:<\/p><ul><li>From our clinic whose address is written above.<\/li><li>From our website mentioned above<\/li><\/ul><p>You must fill out the Data Subject Application Form, which you will obtain, and send it with a wet signature to the clinic address by hand, by mail or via a notary, or to our e-mail address above via your e-mail address that you have previously notified us and registered in our system.<\/p><p>Applications made as stated above will be responded to free of charge as soon as possible and within 30 (thirty) days at the latest. However, if the transaction subject to your request causes an additional cost, the Clinic will charge the fee at the tariff determined by the Personal Data Protection Board.<\/p><p><a href=\"https:\/\/serhatdonmezer.com\/wp-content\/uploads\/2022\/02\/Cerez-Politikasi.docx\">Click to Download<\/a><\/p>\t\t\t\t\t\t<\/div>\n\t\t\t\t<\/div>\n\t\t\t\t\t<\/div>\n\t\t<\/div>\n\t\t\t\t<div class=\"elementor-column elementor-col-33 elementor-top-column elementor-element elementor-element-0255b6b yazikapsasidebar\" data-id=\"0255b6b\" data-element_type=\"column\">\n\t\t\t<div class=\"elementor-widget-wrap elementor-element-populated\">\n\t\t\t\t\t\t\t\t<div class=\"elementor-element elementor-element-59bf676 elementor-widget elementor-widget-sidebar\" data-id=\"59bf676\" data-element_type=\"widget\" data-widget_type=\"sidebar.default\">\n\t\t\t\t<div class=\"elementor-widget-container\">\n\t\t\t<section id=\"nav_menu-2\" class=\"widget widget_nav_menu\"><h5 class=\"widget-title\">Our treatments<\/h5><\/section><section id=\"block-2\" class=\"widget widget_block\">\r\n<div class=\"wp-block-contact-form-7-contact-form-selector\">\n<div class=\"wpcf7 no-js\" id=\"wpcf7-f37844-o1\" lang=\"en-US\" dir=\"ltr\" data-wpcf7-id=\"37844\">\n<div class=\"screen-reader-response\"><p role=\"status\" aria-live=\"polite\" aria-atomic=\"true\"><\/p> <ul><\/ul><\/div>\n<form action=\"\/en\/wp-json\/wp\/v2\/pages\/51447#wpcf7-f37844-o1\" method=\"post\" class=\"wpcf7-form init\" aria-label=\"contact form\" novalidate=\"novalidate\" data-status=\"init\" data-trp-original-action=\"\/en\/wp-json\/wp\/v2\/pages\/51447#wpcf7-f37844-o1\">\n<fieldset class=\"hidden-fields-container\"><input type=\"hidden\" name=\"_wpcf7\" value=\"37844\" \/><input type=\"hidden\" name=\"_wpcf7_version\" value=\"6.1.5\" \/><input type=\"hidden\" name=\"_wpcf7_locale\" value=\"en_US\" \/><input type=\"hidden\" name=\"_wpcf7_unit_tag\" value=\"wpcf7-f37844-o1\" \/><input type=\"hidden\" name=\"_wpcf7_container_post\" value=\"0\" \/><input type=\"hidden\" name=\"_wpcf7_posted_data_hash\" value=\"\" \/>\n<\/fieldset>\n<div class=\"book-appointment\">\n\t<div class=\"row\">\n\t\t<div class=\"col-lg-12 col-md-12 col-sm-12 col-xs-12\">\n\t\t\t<div class=\"form-row\">\n\t\t\t\t<p><span class=\"wpcf7-form-control-wrap\" data-name=\"text-958\"><input size=\"40\" maxlength=\"400\" class=\"wpcf7-form-control wpcf7-text wpcf7-validates-as-required\" aria-required=\"true\" aria-invalid=\"false\" placeholder=\"Name surname\" value=\"\" type=\"text\" name=\"text-958\" \/><\/span><span><i class=\"fa fa-user\" aria-hidden=\"true\"><\/i><\/span>\n\t\t\t\t<\/p>\n\t\t\t<\/div>\n\t\t<\/div>\n\t<\/div>\n\t<div class=\"row\">\n\t\t<div class=\"col-lg-12 col-md-12 col-sm-12 col-xs-12\">\n\t\t\t<div class=\"form-row\">\n\t\t\t\t<p><span class=\"wpcf7-form-control-wrap\" data-name=\"tel-477\"><input size=\"40\" maxlength=\"400\" class=\"wpcf7-form-control wpcf7-tel wpcf7-validates-as-required wpcf7-text wpcf7-validates-as-tel\" aria-required=\"true\" aria-invalid=\"false\" placeholder=\"Telephone\" value=\"\" type=\"tel\" name=\"tel-477\" \/><\/span><span><i class=\"fa fa-phone\" aria-hidden=\"true\"><\/i><\/span>\n\t\t\t\t<\/p>\n\t\t\t<\/div>\n\t\t<\/div>\n\t<\/div>\n\t<div class=\"row\">\n\t\t<div class=\"col-lg-12 col-md-12 col-sm-12 col-xs-12\">\n\t\t\t<div class=\"form-row\">\n\t\t\t\t<p><span class=\"wpcf7-form-control-wrap\" data-name=\"email-757\"><input size=\"40\" maxlength=\"400\" class=\"wpcf7-form-control wpcf7-email wpcf7-validates-as-required wpcf7-text wpcf7-validates-as-email\" aria-required=\"true\" aria-invalid=\"false\" placeholder=\"E-mail\" value=\"\" type=\"email\" name=\"email-757\" \/><\/span><span><i class=\"fa fa-envelope-o\" aria-hidden=\"true\"><\/i><\/span>\n\t\t\t\t<\/p>\n\t\t\t<\/div>\n\t\t<\/div>\n\t<\/div>\n\t<div class=\"row\">\n\t\t<div class=\"col-lg-12 col-md-12 col-sm-12 col-xs-12\">\n\t\t\t<div class=\"form-row\">\n\t\t\t\t<p><span class=\"wpcf7-form-control-wrap\" data-name=\"textarea-880\"><textarea cols=\"40\" rows=\"10\" maxlength=\"2000\" class=\"wpcf7-form-control wpcf7-textarea\" aria-invalid=\"false\" placeholder=\"Message\" name=\"textarea-880\"><\/textarea><\/span>\n\t\t\t\t<\/p>\n\t\t\t<\/div>\n\t\t<\/div>\n\t<\/div>\n\t<div class=\"row\">\n\t\t<div class=\"col-lg-12 col-md-12 col-sm-12 col-xs-12\">\n\t\t\t<div class=\"form-row\">\n\t\t\t\t<p><span class=\"wpcf7-form-control-wrap\" data-name=\"hcap-cf7\">\t\t<input\n\t\t\t\ttype=\"hidden\"\n\t\t\t\tclass=\"hcaptcha-widget-id\"\n\t\t\t\tname=\"hcaptcha-widget-id\"\n\t\t\t\tvalue=\"eyJzb3VyY2UiOlsiY29udGFjdC1mb3JtLTdcL3dwLWNvbnRhY3QtZm9ybS03LnBocCJdLCJmb3JtX2lkIjozNzg0NH0=-db23d87e42e46126f2768526b52cd8ef\">\n\t\t\t\t<span id=\"hcap_cf7-69ea44dd163e00.35706031\" class=\"wpcf7-form-control h-captcha\"\n\t\t\tdata-sitekey=\"2844963e-d3e5-4439-ae8e-c326baed8273\"\n\t\t\tdata-theme=\"light\"\n\t\t\tdata-size=\"normal\"\n\t\t\tdata-auto=\"false\"\n\t\t\tdata-ajax=\"false\"\n\t\t\tdata-force=\"false\">\n\t\t<\/span>\n\t\t<input type=\"hidden\" id=\"_wpnonce\" name=\"_wpnonce\" value=\"fa027c94dd\" \/><input type=\"hidden\" name=\"_wp_http_referer\" value=\"\/en\/wp-json\/wp\/v2\/pages\/51447\" \/><\/span><input class=\"wpcf7-form-control wpcf7-submit has-spinner\" type=\"submit\" value=\"Send\" \/>\n\t\t\t\t<\/p>\n\t\t\t<\/div>\n\t\t<\/div>\n\t<\/div>\n<\/div><div class=\"wpcf7-response-output\" aria-hidden=\"true\"><\/div>\n<input type=\"hidden\" name=\"trp-form-language\" value=\"en\"\/><\/form>\n<\/div>\n<\/div>\r\n<\/section>\t\t<\/div>\n\t\t\t\t<\/div>\n\t\t\t\t\t<\/div>\n\t\t<\/div>\n\t\t\t\t\t\t\t<\/div>\n\t\t<\/section>\n\t\t\t\t\t\t\t<\/div>","protected":false},"excerpt":{"rendered":"<p>This Cookie Policy Op. Dr. It is valid for all platforms accessed and used through websites and mobile platforms operated by Serhat D\u00f6nmezer, third party programs or websites. 1. Purpose of Use of Cookies Cookies are used by websites on computers, smartphones, tablets, etc. These are definition files left to communication tools. Accessed to provide improved user experience when websites are revisited [...]<\/p>","protected":false},"author":1,"featured_media":50384,"parent":0,"menu_order":0,"comment_status":"closed","ping_status":"closed","template":"elementor_header_footer","meta":{"_acf_changed":false,"footnotes":""},"class_list":["post-51447","page","type-page","status-publish","has-post-thumbnail","hentry"],"acf":[],"_links":{"self":[{"href":"https:\/\/serhatdonmezer.com\/en\/wp-json\/wp\/v2\/pages\/51447","targetHints":{"allow":["GET"]}}],"collection":[{"href":"https:\/\/serhatdonmezer.com\/en\/wp-json\/wp\/v2\/pages"}],"about":[{"href":"https:\/\/serhatdonmezer.com\/en\/wp-json\/wp\/v2\/types\/page"}],"author":[{"embeddable":true,"href":"https:\/\/serhatdonmezer.com\/en\/wp-json\/wp\/v2\/users\/1"}],"replies":[{"embeddable":true,"href":"https:\/\/serhatdonmezer.com\/en\/wp-json\/wp\/v2\/comments?post=51447"}],"version-history":[{"count":0,"href":"https:\/\/serhatdonmezer.com\/en\/wp-json\/wp\/v2\/pages\/51447\/revisions"}],"wp:featuredmedia":[{"embeddable":true,"href":"https:\/\/serhatdonmezer.com\/en\/wp-json\/wp\/v2\/media\/50384"}],"wp:attachment":[{"href":"https:\/\/serhatdonmezer.com\/en\/wp-json\/wp\/v2\/media?parent=51447"}],"curies":[{"name":"wp","href":"https:\/\/api.w.org\/{rel}","templated":true}]}}