{"id":52218,"date":"2022-04-04T14:21:58","date_gmt":"2022-04-04T11:21:58","guid":{"rendered":"https:\/\/serhatdonmezer.com\/?page_id=52218"},"modified":"2023-12-28T13:58:24","modified_gmt":"2023-12-28T10:58:24","slug":"penis-curvature-peyronie","status":"publish","type":"page","link":"https:\/\/serhatdonmezer.com\/en\/penis-egriligi-peyronie\/","title":{"rendered":"Penis Curvature (Peyronie&#039;s)"},"content":{"rendered":"<div data-elementor-type=\"wp-page\" data-elementor-id=\"52218\" class=\"elementor elementor-52218\">\n\t\t\t\t\t\t\t\t\t<section class=\"elementor-section elementor-top-section elementor-element elementor-element-4ec06fc yazikapsa elementor-section-boxed elementor-section-height-default elementor-section-height-default\" data-id=\"4ec06fc\" data-element_type=\"section\">\n\t\t\t\t\t\t<div class=\"elementor-container elementor-column-gap-default\">\n\t\t\t\t\t<div class=\"elementor-column elementor-col-66 elementor-top-column elementor-element elementor-element-14978f7\" data-id=\"14978f7\" data-element_type=\"column\">\n\t\t\t<div class=\"elementor-widget-wrap elementor-element-populated\">\n\t\t\t\t\t\t\t\t<div class=\"elementor-element elementor-element-a5a3e3d elementor-widget elementor-widget-image\" data-id=\"a5a3e3d\" data-element_type=\"widget\" data-widget_type=\"image.default\">\n\t\t\t\t<div class=\"elementor-widget-container\">\n\t\t\t\t\t\t\t\t\t\t\t\t\t\t\t<img decoding=\"async\" width=\"650\" height=\"360\" src=\"https:\/\/serhatdonmezer.com\/wp-content\/uploads\/2021\/12\/penis-egriligi-peyronie-28.jpg\" class=\"attachment-large size-large wp-image-49460\" alt=\"penis curvature\" srcset=\"https:\/\/serhatdonmezer.com\/wp-content\/uploads\/2021\/12\/penis-egriligi-peyronie-28.jpg 650w, https:\/\/serhatdonmezer.com\/wp-content\/uploads\/2021\/12\/penis-egriligi-peyronie-28-400x222.jpg 400w\" sizes=\"(max-width: 650px) 100vw, 650px\" title=\"\">\t\t\t\t\t\t\t\t\t\t\t\t\t\t\t<\/div>\n\t\t\t\t<\/div>\n\t\t\t\t<div class=\"elementor-element elementor-element-05f3107 elementor-widget elementor-widget-text-editor\" data-id=\"05f3107\" data-element_type=\"widget\" data-widget_type=\"text-editor.default\">\n\t\t\t\t<div class=\"elementor-widget-container\">\n\t\t\t\t\t\t\t<p><span style=\"font-weight: bold;\">penis curvature,<\/span>\u00a0It is the act of bending the penis in other directions during erection, although it should be straight. This phenomenon is explained as a deformity caused by the abnormal development of the tissues in the male genital organ. Peyronie&#039;s disease negatively affects the person&#039;s quality of life, such as difficulty in sexual intercourse and inability to control erection.<\/p><p><span style=\"font-weight: bold;\">penis curvature,<\/span>\u00a0It may occur in people as a result of congenital or subsequent serious trauma. Pain is not observed in patients with congenital penile curvature. The risk of Peyronie&#039;s disease is high in patients with diabetes and prostate surgery. The diagnosis of penile curvature should be made by expert urologists.\u00a0<span style=\"font-weight: bold;\">penis curvature<\/span>\u00a0People with such complaints should consult a doctor.<\/p><ul><li>pain in penis<\/li><li>penis curvature<\/li><li>erectile dysfunction<\/li><li>palpable nodule on penis<\/li><\/ul>\t\t\t\t\t\t<\/div>\n\t\t\t\t<\/div>\n\t\t\t\t<div class=\"elementor-element elementor-element-05e5ddf elementor-widget elementor-widget-text-editor\" data-id=\"05e5ddf\" data-element_type=\"widget\" data-widget_type=\"text-editor.default\">\n\t\t\t\t<div class=\"elementor-widget-container\">\n\t\t\t\t\t\t\t<h2>How Does Penile Curvature Occur?<\/h2><p><b>penis curvature<\/b>\u00a0It generally refers to abnormal tissue that develops fibrotic, tough connective tissue behind the shaft of the penis due to various factors, angling the shaft of the penis during erection and compressing the surrounding tissue depending on its size. Peyronie&#039;s may occur as a result of bleeding from the subcutaneous tissue caused by various traumas to the fibrotic tissue, as well as the influence of some genetic factors and other diseases.<\/p><p>In healthy people, due to sexual stimulation, the vascular cavities in the penis, called corpus cavernosum, begin to fill with blood and expand, and the penile sheath surrounding these vascular cavities stretches and puts pressure on the veins of the penis. In this way, erection is achieved by preventing blood from returning to the body.<\/p><p>In Peyronie&#039;s disease, fibrotic connective tissue compresses the corpus cavernosum, which is responsible for penile erection, making it difficult to prevent or maintain an erection. In some cases, it can cause pain by compressing the surrounding nerve tissue and blood vessels.<\/p>\t\t\t\t\t\t<\/div>\n\t\t\t\t<\/div>\n\t\t\t\t<div class=\"elementor-element elementor-element-c4e9aed elementor-widget elementor-widget-text-editor\" data-id=\"c4e9aed\" data-element_type=\"widget\" data-widget_type=\"text-editor.default\">\n\t\t\t\t<div class=\"elementor-widget-container\">\n\t\t\t\t\t\t\t<h3>What are the Symptoms of Penis Curvature (Peyronie)?<\/h3><p>Symptoms of Peyronie&#039;s disease often vary depending on the location and size of the fibrotic connective tissue causing the disease. Thus, it is possible to list the symptoms encountered when the penis is bent as follows:<\/p><ul><li>Difficulty having sexual intercourse,<\/li><li>Reduction in penis size,<\/li><li>painful erection,<\/li><li>erection problems,<\/li><li>Severe curvature in the shape of the penis,<\/li><li>Having hard tissues the size of a chickpea or lentil on the penis.<\/li><\/ul><div>Fibrotic tissue seen in some patients is not limited to a single area but may expand throughout the penis or completely surround the penis. Left untreated, the tissue can become hardened by the effects of calcium collapse, causing serious damage or intense pain to the penis. In some patients, fibrotic tissues may occur more than once in different parts of the penis and abnormally curved penis images may occur.<\/div><div>\u00a0<\/div><h3>What Causes Curved Penis (Peyronie&#039;s)?<\/h3><p>According to research, the exact cause of Peyronie&#039;s disease is unknown. However, some disease-causing mechanisms have been identified in these studies. For this reason, it is thought that the bleeding foci that occur in the subcutaneous tissue as a result of penile trauma turn into sclerotic bands (hard connective tissue) after the wound heals over time. The trauma mentioned <b>penis curvature<\/b> or an injury that occurs during erection. It&#039;s fair to say that the risk of penile curvature increases with age, especially since tissue is more prone to injury and healing as we age.<\/p><p>Vakalar\u0131n %40&#8217;\u0131 k\u0131rk ya\u015f\u0131ndan b\u00fcy\u00fcklerde g\u00f6r\u00fclsede %8-10&#8217;u 40 ya\u015flar\u0131n alt\u0131nda ortaya \u00e7\u0131k\u0131yor. Daha gen\u00e7 hastalarda, <b>penis curvature<\/b> It manifests itself with more severe symptoms such as stronger and more painful erections and erectile dysfunction.<\/p><p>At the same time, the absence of a history of trauma in some patients with Peyronie&#039;s suggests that non-traumatic factors may also play a role in the development of the disease. In this sense, people with unusually slow-healing wounds, especially after injury to any part of the body, are at higher risk of developing abnormal connective tissues that lead to Peyronie&#039;s disease. In addition, people with Dupuytren&#039;s disease, which results in limitation of finger movements due to abnormal connective tissue formation in the area of the finger tendons.\u00a0<b>penis curvature<\/b>\u00a0The risk is thought to be higher.<\/p><p>In short, Peyronie&#039;s may occur depending on risk factors such as genetic background, age, other medical conditions, and history of trauma.<\/p>\t\t\t\t\t\t<\/div>\n\t\t\t\t<\/div>\n\t\t\t\t<div class=\"elementor-element elementor-element-7145499 elementor-widget elementor-widget-text-editor\" data-id=\"7145499\" data-element_type=\"widget\" data-widget_type=\"text-editor.default\">\n\t\t\t\t<div class=\"elementor-widget-container\">\n\t\t\t\t\t\t\t<h3>Congenital Penis Curvature<\/h3><p>If the development of one of the three spongy tissues in the penis in the womb is slow, congenital penile curvature may occur. In congenital Peyronie patients, it is usually not detected until adolescence. However, the situation where the urinary hole, known as &quot;hypospadias&quot;, is located elsewhere on the penis, may also cause penis curvature over time.<\/p>\t\t\t\t\t\t<\/div>\n\t\t\t\t<\/div>\n\t\t\t\t<div class=\"elementor-element elementor-element-89b1e49 elementor-widget elementor-widget-image\" data-id=\"89b1e49\" data-element_type=\"widget\" data-widget_type=\"image.default\">\n\t\t\t\t<div class=\"elementor-widget-container\">\n\t\t\t\t\t\t\t\t\t\t\t\t\t\t\t<img decoding=\"async\" width=\"865\" height=\"487\" src=\"https:\/\/serhatdonmezer.com\/wp-content\/uploads\/2022\/04\/peyronie.png\" class=\"attachment-large size-large wp-image-52183\" alt=\"penis curvature\" srcset=\"https:\/\/serhatdonmezer.com\/wp-content\/uploads\/2022\/04\/peyronie.png 865w, https:\/\/serhatdonmezer.com\/wp-content\/uploads\/2022\/04\/peyronie-400x225.png 400w, https:\/\/serhatdonmezer.com\/wp-content\/uploads\/2022\/04\/peyronie-768x432.png 768w\" sizes=\"(max-width: 865px) 100vw, 865px\" title=\"\">\t\t\t\t\t\t\t\t\t\t\t\t\t\t\t<\/div>\n\t\t\t\t<\/div>\n\t\t\t\t<div class=\"elementor-element elementor-element-0da204d elementor-widget elementor-widget-text-editor\" data-id=\"0da204d\" data-element_type=\"widget\" data-widget_type=\"text-editor.default\">\n\t\t\t\t<div class=\"elementor-widget-container\">\n\t\t\t\t\t\t\t<h3>Early Diagnosis of Penile Curvature<\/h3><p>Men may hesitate to apply to the hospital when they experience sexual dysfunction for some traditional reasons. However, it should not be forgotten that the earlier they are diagnosed, the easier it is to treat these diseases, like all other diseases. However, it should not be forgotten that with today&#039;s developing technology, there are very simple solutions such as ESWT shock wave therapy in cases of sexual dysfunction. Therefore, it is important for men with Peyronie&#039;s disease who experience pain and stiffness in the penis to come to the hospital as soon as possible for early diagnosis.<\/p><h3>Diagnosis and Diagnosis<\/h3><p style=\"color: #696969;\">Diagnosis and diagnosis of penis curvature is provided by examination by urology doctors who are experts in their field. Fibrotic connective tissue occurs on the dorsal part of the penis shaft for different reasons and has an abnormal appearance during erection. In Peyronie&#039;s disease, fibrotic connective tissue prevents erection by applying pressure to the cavernous structure that provides erection.<\/p><p style=\"color: #696969;\">It may occur as a result of trauma to the fibrotic tissue, bleeding in the skin tissue, or genetic diseases. In healthy men, with sexual stimulation, the vascular spaces of the penis begin to expand by filling with blood. The penis sheath around the vascular cavities stretches, putting pressure on the veins and preventing blood from returning to the body, resulting in an erection.<\/p><h3>Treatment Methods<\/h3><div style=\"color: #696969; font-size: 16px;\"><div><div><p>It is not possible to completely treat penile curvature with current treatments. However, there are treatments that improve the patient&#039;s quality of life and relieve symptoms. In this sense, the treatment of penis curvature and the points to be considered are as follows:<\/p><p>\u2022 It is recommended to monitor patients with mild symptoms. Since the main approach to treatment is to remove the connective tissue responsible for the disease, intervention is generally not recommended for this group of patients due to the risk of more serious damage to the penis.<\/p><p>\u2022 For people with a penis curvature of more than 30 degrees, drug therapy is administered by injection into the penis to dissolve the connective tissues. Clostridium hystolyticum injections can be used here. Interferon injections and oral verapamil treatment are also among other treatment options.<\/p><p>\u2022Iontophoresis is another treatment applied by passing electric current through the skin.<\/p><p>\u2022Smoking and alcohol should be avoided.<\/p><p>\u2022It is important to have a balanced diet and exercise regularly. Some exercises performed during the treatment process can dissolve the connective tissues in the penis.<\/p><p>\u2022 In addition to traditional treatments, some research shows that vitamin and mineral supplements such as carnitine, coenzyme Q10 and vitamin E are good for penile curvature.<\/p><\/div><p>\u2022 In cases where all these methods are not sufficient, surgical treatment can be applied. In general, at least 1 year should be waited before seeking surgical treatment for Peyronie&#039;s disease, and most importantly, other treatments should be used. Surgery can be performed after one year in patients with severe penile curvature.<\/p><\/div><p>\u2022 Surgically, the area of the penis that has fibrotic tissue and is therefore shortened is lengthened, and the area that is long due to the tissue is shortened. Penile prostheses can be used when necessary. It should not be forgotten that there may be complications such as shortening of penis length and erectile dysfunction after surgery.<\/p><p><span style=\"font-weight: bold;\">\u2022Penile curvature treatment<\/span>\u00a0It is performed by surgical procedures. It is important to apply surgical treatment after the penis has sufficient length before adulthood. With surgical interventions, the location of the urinary hole is changed and the curvature is corrected. This surgery is performed in a short time of 30-60 minutes.<\/p><\/div><h4>Treatment of Acute Peyronie&#039;s Disease<\/h4><div style=\"color: #696969; font-size: 16px;\"><div class=\"MuiGrid-root MuiGrid-container MuiGrid-spacing-xs-3\"><div class=\"MuiGrid-root MuiGrid-item MuiGrid-grid-xs-12 MuiGrid-grid-sm-6\"><div class=\"MuiGrid-root MuiGrid-item MuiGrid-grid-xs-12\"><div class=\"jss25 jss34\"><p class=\"MuiTypography-root MuiTypography-body2 MuiTypography-alignJustify\">In the acute period, drug treatment is used because the plaque formation that causes penis curvature has not started yet. In addition to drugs that prevent plaque formation, methods such as shock therapy and injection of certain substances called collagen synthesis inhibitors have begun to be used in recent years. Penile curvature can be self-limiting or even reversible if diagnosed early and treated effectively during this period. Therefore, making a diagnosis in the acute period is extremely important. In addition to pain, especially if stiffness and irregularities are felt in the penis, a doctor&#039;s evaluation should be made.\u00a0<\/p><\/div><\/div><\/div><\/div><\/div><h4>Treatment of Chronic Peyronie&#039;s Disease<\/h4><div style=\"color: #696969; font-size: 16px;\"><p>After the chronic phase, when the pain phase ends and deformity begins, drug treatment is not very effective. However, attempts to inject substances into the lesion or administer shock therapy may be attempted during this time. However, corrective surgery is mainly used in the chronic phase. When deciding on surgical treatment, deformity and spontaneous erection are also evaluated. In addition to surgical treatment, penile prosthesis application, known as everyone&#039;s happy stick, is also required to correct the deformity in patients with erectile dysfunction.<\/p><\/div>\t\t\t\t\t\t<\/div>\n\t\t\t\t<\/div>\n\t\t\t\t<div class=\"elementor-element elementor-element-1d6d480 elementor-widget elementor-widget-image\" data-id=\"1d6d480\" data-element_type=\"widget\" data-widget_type=\"image.default\">\n\t\t\t\t<div class=\"elementor-widget-container\">\n\t\t\t\t\t\t\t\t\t\t\t\t\t\t\t<img decoding=\"async\" width=\"582\" height=\"291\" src=\"https:\/\/serhatdonmezer.com\/wp-content\/uploads\/2022\/04\/penis-egriligi.jpg\" class=\"attachment-large size-large wp-image-52213\" alt=\"penis curvature\" srcset=\"https:\/\/serhatdonmezer.com\/wp-content\/uploads\/2022\/04\/penis-egriligi.jpg 582w, https:\/\/serhatdonmezer.com\/wp-content\/uploads\/2022\/04\/penis-egriligi-400x200.jpg 400w\" sizes=\"(max-width: 582px) 100vw, 582px\" title=\"\">\t\t\t\t\t\t\t\t\t\t\t\t\t\t\t<\/div>\n\t\t\t\t<\/div>\n\t\t\t\t<div class=\"elementor-element elementor-element-dd1a187 elementor-widget elementor-widget-text-editor\" data-id=\"dd1a187\" data-element_type=\"widget\" data-widget_type=\"text-editor.default\">\n\t\t\t\t<div class=\"elementor-widget-container\">\n\t\t\t\t\t\t\t<h4>Frequently Asked Questions About Penis Curvature (Peyronie)<\/h4><p><b>1-How Many Hours Does Penis Curvature Surgery Take?<\/b><\/p><p>Congenital Peyronie&#039;s surgeries are usually resolved with simple surgical procedures. On average, this can be done very easily in as little as 30 to 60 minutes. The duration of surgical treatments for grafts varies depending on the individual&#039;s condition and the extent of the disease.<\/p><p><b>2- Which Patients Should Have Penile Curvature Surgery?<\/b><\/p><p>Surgical treatment is recommended for those with Peyronie&#039;s disease of more than 30 degrees that prevents sexual intercourse. In the treatment of Peyronie&#039;s disease, the disease negatively affects the psychological state, all complications are evaluated and a result-oriented decision is made.<\/p><p><b>3-What are the risks that cause penis curvature?<\/b><\/p><div id=\"result\" class=\"divText ouputsection\" data-text=\"Your paraphrased content will appear here\"><p>Penile curvature is generally more common in diabetic patients. However, it is more common in patients with collagen or connective tissue and in people who have had prostate surgery.<\/p><div id=\"result\" class=\"divText ouputsection\" data-text=\"Your paraphrased content will appear here\"><p><b>4-How is Surgical Treatment for Penile Curvature?<\/b><\/p><p>Easy plication techniques are used in the surgical treatment of Peyronie&#039;s patients. Plication stitches are placed in the opposite direction of the curvature and the image is corrected. In order to correct the curvature in different cases, graft materials taken from the leg veins of the plaque areas formed in the penis are used.<\/p><p><b>5- What to Pay Attention to After the Surgery?<\/b><\/p><p>It is very important that the curvature does not recur in patients who have undergone surgery. In adults, nocturnal erections can cause the stitches in the penis to open. It is recommended not to have sexual intercourse for about a week after the surgery.<\/p><p><b>6-What are the Stages of Peyronie&#039;s Disease?<\/b><\/p><p>The first stage of Peyronie&#039;s disease is defined as the acute stage, and the next stage is defined as the chronic stage.<\/p><p><b>7-What is Injection Treatment in Peyronie&#039;s Disease?<\/b><\/p><div id=\"result\" class=\"divText ouputsection\" data-text=\"Your paraphrased content will appear here\">It is the direct application of some medications to dissolve the connective tissue in the plaque-forming areas of the penis. In recent years, injection therapy has achieved very good results, especially in patients of early age and in cases of penile curvature over 30 degrees. Injection therapy is a good option for patients who do not want surgery.<\/div><\/div><\/div>\t\t\t\t\t\t<\/div>\n\t\t\t\t<\/div>\n\t\t\t\t\t<\/div>\n\t\t<\/div>\n\t\t\t\t<div class=\"elementor-column elementor-col-33 elementor-top-column elementor-element elementor-element-0255b6b yazikapsasidebar\" data-id=\"0255b6b\" data-element_type=\"column\">\n\t\t\t<div class=\"elementor-widget-wrap elementor-element-populated\">\n\t\t\t\t\t\t\t\t<div class=\"elementor-element elementor-element-59bf676 elementor-widget elementor-widget-sidebar\" data-id=\"59bf676\" data-element_type=\"widget\" data-widget_type=\"sidebar.default\">\n\t\t\t\t<div class=\"elementor-widget-container\">\n\t\t\t<section id=\"nav_menu-2\" class=\"widget widget_nav_menu\"><h5 class=\"widget-title\">Our treatments<\/h5><\/section><section id=\"block-2\" class=\"widget widget_block\">\r\n<div class=\"wp-block-contact-form-7-contact-form-selector\">\n<div class=\"wpcf7 no-js\" id=\"wpcf7-f37844-o1\" lang=\"en-US\" dir=\"ltr\" data-wpcf7-id=\"37844\">\n<div class=\"screen-reader-response\"><p role=\"status\" aria-live=\"polite\" aria-atomic=\"true\"><\/p> <ul><\/ul><\/div>\n<form action=\"\/en\/wp-json\/wp\/v2\/pages\/52218#wpcf7-f37844-o1\" method=\"post\" class=\"wpcf7-form init\" aria-label=\"contact form\" novalidate=\"novalidate\" data-status=\"init\" data-trp-original-action=\"\/en\/wp-json\/wp\/v2\/pages\/52218#wpcf7-f37844-o1\">\n<fieldset class=\"hidden-fields-container\"><input type=\"hidden\" name=\"_wpcf7\" value=\"37844\" \/><input type=\"hidden\" name=\"_wpcf7_version\" value=\"6.1.5\" \/><input type=\"hidden\" name=\"_wpcf7_locale\" value=\"en_US\" \/><input type=\"hidden\" name=\"_wpcf7_unit_tag\" value=\"wpcf7-f37844-o1\" \/><input type=\"hidden\" name=\"_wpcf7_container_post\" value=\"0\" \/><input type=\"hidden\" name=\"_wpcf7_posted_data_hash\" value=\"\" \/>\n<\/fieldset>\n<div class=\"book-appointment\">\n\t<div class=\"row\">\n\t\t<div class=\"col-lg-12 col-md-12 col-sm-12 col-xs-12\">\n\t\t\t<div class=\"form-row\">\n\t\t\t\t<p><span class=\"wpcf7-form-control-wrap\" data-name=\"text-958\"><input size=\"40\" maxlength=\"400\" class=\"wpcf7-form-control wpcf7-text wpcf7-validates-as-required\" aria-required=\"true\" aria-invalid=\"false\" placeholder=\"Name surname\" value=\"\" type=\"text\" name=\"text-958\" \/><\/span><span><i class=\"fa fa-user\" aria-hidden=\"true\"><\/i><\/span>\n\t\t\t\t<\/p>\n\t\t\t<\/div>\n\t\t<\/div>\n\t<\/div>\n\t<div class=\"row\">\n\t\t<div class=\"col-lg-12 col-md-12 col-sm-12 col-xs-12\">\n\t\t\t<div class=\"form-row\">\n\t\t\t\t<p><span class=\"wpcf7-form-control-wrap\" data-name=\"tel-477\"><input size=\"40\" maxlength=\"400\" class=\"wpcf7-form-control wpcf7-tel wpcf7-validates-as-required wpcf7-text wpcf7-validates-as-tel\" aria-required=\"true\" aria-invalid=\"false\" placeholder=\"Telephone\" value=\"\" type=\"tel\" name=\"tel-477\" \/><\/span><span><i class=\"fa fa-phone\" aria-hidden=\"true\"><\/i><\/span>\n\t\t\t\t<\/p>\n\t\t\t<\/div>\n\t\t<\/div>\n\t<\/div>\n\t<div class=\"row\">\n\t\t<div class=\"col-lg-12 col-md-12 col-sm-12 col-xs-12\">\n\t\t\t<div class=\"form-row\">\n\t\t\t\t<p><span class=\"wpcf7-form-control-wrap\" data-name=\"email-757\"><input size=\"40\" maxlength=\"400\" class=\"wpcf7-form-control wpcf7-email wpcf7-validates-as-required wpcf7-text wpcf7-validates-as-email\" aria-required=\"true\" aria-invalid=\"false\" placeholder=\"E-mail\" value=\"\" type=\"email\" name=\"email-757\" \/><\/span><span><i class=\"fa fa-envelope-o\" aria-hidden=\"true\"><\/i><\/span>\n\t\t\t\t<\/p>\n\t\t\t<\/div>\n\t\t<\/div>\n\t<\/div>\n\t<div class=\"row\">\n\t\t<div class=\"col-lg-12 col-md-12 col-sm-12 col-xs-12\">\n\t\t\t<div class=\"form-row\">\n\t\t\t\t<p><span class=\"wpcf7-form-control-wrap\" data-name=\"textarea-880\"><textarea cols=\"40\" rows=\"10\" maxlength=\"2000\" class=\"wpcf7-form-control wpcf7-textarea\" aria-invalid=\"false\" placeholder=\"Message\" name=\"textarea-880\"><\/textarea><\/span>\n\t\t\t\t<\/p>\n\t\t\t<\/div>\n\t\t<\/div>\n\t<\/div>\n\t<div class=\"row\">\n\t\t<div class=\"col-lg-12 col-md-12 col-sm-12 col-xs-12\">\n\t\t\t<div class=\"form-row\">\n\t\t\t\t<p><span class=\"wpcf7-form-control-wrap\" data-name=\"hcap-cf7\">\t\t<input\n\t\t\t\ttype=\"hidden\"\n\t\t\t\tclass=\"hcaptcha-widget-id\"\n\t\t\t\tname=\"hcaptcha-widget-id\"\n\t\t\t\tvalue=\"eyJzb3VyY2UiOlsiY29udGFjdC1mb3JtLTdcL3dwLWNvbnRhY3QtZm9ybS03LnBocCJdLCJmb3JtX2lkIjozNzg0NH0=-db23d87e42e46126f2768526b52cd8ef\">\n\t\t\t\t<span id=\"hcap_cf7-69ea5ac62f2af9.59775199\" class=\"wpcf7-form-control h-captcha\"\n\t\t\tdata-sitekey=\"2844963e-d3e5-4439-ae8e-c326baed8273\"\n\t\t\tdata-theme=\"light\"\n\t\t\tdata-size=\"normal\"\n\t\t\tdata-auto=\"false\"\n\t\t\tdata-ajax=\"false\"\n\t\t\tdata-force=\"false\">\n\t\t<\/span>\n\t\t<input type=\"hidden\" id=\"_wpnonce\" name=\"_wpnonce\" value=\"fa027c94dd\" \/><input type=\"hidden\" name=\"_wp_http_referer\" value=\"\/en\/wp-json\/wp\/v2\/pages\/52218\" \/><\/span><input class=\"wpcf7-form-control wpcf7-submit has-spinner\" type=\"submit\" value=\"Send\" \/>\n\t\t\t\t<\/p>\n\t\t\t<\/div>\n\t\t<\/div>\n\t<\/div>\n<\/div><div class=\"wpcf7-response-output\" aria-hidden=\"true\"><\/div>\n<input type=\"hidden\" name=\"trp-form-language\" value=\"en\"\/><\/form>\n<\/div>\n<\/div>\r\n<\/section>\t\t<\/div>\n\t\t\t\t<\/div>\n\t\t\t\t\t<\/div>\n\t\t<\/div>\n\t\t\t\t\t\t\t<\/div>\n\t\t<\/section>\n\t\t\t\t\t\t\t<\/div>","protected":false},"excerpt":{"rendered":"<p>Penile curvature is the act of the penis bending in other directions during erection instead of being straight. This event is explained as a deformity resulting from abnormal development of the tissues in the male genital organ. Peyronie&#039;s disease negatively affects the person&#039;s quality of life, such as difficulty in sexual intercourse and inability to control erection. Penile curvature can occur in people as a result of congenital or subsequent serious trauma. Congenital [\u2026]<\/p>","protected":false},"author":1,"featured_media":50355,"parent":0,"menu_order":0,"comment_status":"closed","ping_status":"closed","template":"elementor_header_footer","meta":{"_acf_changed":false,"footnotes":""},"class_list":["post-52218","page","type-page","status-publish","has-post-thumbnail","hentry"],"acf":[],"_links":{"self":[{"href":"https:\/\/serhatdonmezer.com\/en\/wp-json\/wp\/v2\/pages\/52218","targetHints":{"allow":["GET"]}}],"collection":[{"href":"https:\/\/serhatdonmezer.com\/en\/wp-json\/wp\/v2\/pages"}],"about":[{"href":"https:\/\/serhatdonmezer.com\/en\/wp-json\/wp\/v2\/types\/page"}],"author":[{"embeddable":true,"href":"https:\/\/serhatdonmezer.com\/en\/wp-json\/wp\/v2\/users\/1"}],"replies":[{"embeddable":true,"href":"https:\/\/serhatdonmezer.com\/en\/wp-json\/wp\/v2\/comments?post=52218"}],"version-history":[{"count":0,"href":"https:\/\/serhatdonmezer.com\/en\/wp-json\/wp\/v2\/pages\/52218\/revisions"}],"wp:featuredmedia":[{"embeddable":true,"href":"https:\/\/serhatdonmezer.com\/en\/wp-json\/wp\/v2\/media\/50355"}],"wp:attachment":[{"href":"https:\/\/serhatdonmezer.com\/en\/wp-json\/wp\/v2\/media?parent=52218"}],"curies":[{"name":"wp","href":"https:\/\/api.w.org\/{rel}","templated":true}]}}