{"id":54260,"date":"2023-01-17T10:19:26","date_gmt":"2023-01-17T07:19:26","guid":{"rendered":"https:\/\/serhatdonmezer.com\/?page_id=54260"},"modified":"2023-12-27T18:01:29","modified_gmt":"2023-12-27T15:01:29","slug":"penis-enlargement","status":"publish","type":"page","link":"https:\/\/serhatdonmezer.com\/en\/penis-buyutme\/","title":{"rendered":"Penis Enlargement"},"content":{"rendered":"<div data-elementor-type=\"wp-page\" data-elementor-id=\"54260\" class=\"elementor elementor-54260\">\n\t\t\t\t\t\t\t\t\t<section class=\"elementor-section elementor-top-section elementor-element elementor-element-352df2e5 elementor-section-boxed elementor-section-height-default elementor-section-height-default\" data-id=\"352df2e5\" data-element_type=\"section\">\n\t\t\t\t\t\t<div class=\"elementor-container elementor-column-gap-default\">\n\t\t\t\t\t<div class=\"elementor-column elementor-col-50 elementor-top-column elementor-element elementor-element-10f8ac31\" data-id=\"10f8ac31\" data-element_type=\"column\">\n\t\t\t<div class=\"elementor-widget-wrap elementor-element-populated\">\n\t\t\t\t\t\t\t\t<div class=\"elementor-element elementor-element-255f6cf6 elementor-widget elementor-widget-text-editor\" data-id=\"255f6cf6\" data-element_type=\"widget\" data-widget_type=\"text-editor.default\">\n\t\t\t\t<div class=\"elementor-widget-container\">\n\t\t\t\t\t\t\t<p>\u00a0<\/p><p>Genital aesthetics in men has been developing positively in recent years. It is noted that penis thickness positively affects sexual satisfaction. <strong>penis enlargement<\/strong> The surgery should be performed by urologists who are familiar with the anatomy, physiology and functional disorders of the region. Nowadays, there are positive and satisfactory developments in sexual health with new generation surgical methods.<\/p><p>The genital structures of men differ depending on hereditary factors and anatomical features. A surgical intervention plan is created with the examination performed by the urologist. Surgery is a surgical operation performed on people whose penis length is below a certain size or on men who are not satisfied with their penis length.<\/p><h2>How to Enlarge Penis?<\/h2><p><img decoding=\"async\" class=\"size-medium wp-image-54284 alignleft\" src=\"https:\/\/serhatdonmezer.com\/wp-content\/uploads\/2023\/01\/penis-buyutme-ameliyati-360x240.jpg\" alt=\"Penis Enlargement Surgery\" width=\"360\" height=\"240\" title=\"\" srcset=\"https:\/\/serhatdonmezer.com\/wp-content\/uploads\/2023\/01\/penis-buyutme-ameliyati-360x240.jpg 360w, https:\/\/serhatdonmezer.com\/wp-content\/uploads\/2023\/01\/penis-buyutme-ameliyati-768x512.jpg 768w, https:\/\/serhatdonmezer.com\/wp-content\/uploads\/2023\/01\/penis-buyutme-ameliyati.jpg 1000w\" sizes=\"(max-width: 360px) 100vw, 360px\" \/><\/p><p>The penis consists of three different parts: glans (head of the penis), corpus cavernosa (structures involved in the erection of the penis) and urethra (urinary duct). Depending on developmental reasons, it can appear in different lengths and forms. Generally <strong>penis enlargement<\/strong> The surgery process is discussed under two headings: penis lengthening and thickening.<\/p><p>A preliminary examination is carried out by a specialist in the field of urology. Conditions that negatively affect a person&#039;s sexual health are diagnosed. Then, the patient&#039;s suitability for aesthetic intervention must be confirmed by his doctor. In penis thickening surgery, procedures are performed under general or local anesthesia. Necessary procedures are applied in line with the person&#039;s wishes and needs. Penis lengthening can only be done with general anesthesia.<\/p><h3>Which Methods Are Used?<\/h3><p>Temelde iki farkl\u0131 cerrahi y\u00f6nteme ba\u015fvurulur. Hangi teknik sonucunda etkili sonu\u00e7 al\u0131naca\u011f\u0131na \u00fcroloji uzmanl\u0131\u011f\u0131 \u00e7er\u00e7evesinde belirlenir. Penis bir tendonla simfisiz kemi\u011fine ba\u011fl\u0131d\u0131r. Bu ba\u011f %80 oran\u0131nda kesilir ve b\u00f6ylelikle penis boyunda 1.5-4cm de\u011fi\u015fiklik g\u00f6zlemlenir. Bu i\u015flemden \u00f6nce bat\u0131n b\u00f6lgesinden al\u0131nan ya\u011f i\u00e7in inceltme i\u015flemi uygulan\u0131r. Daha sonra bu inceltilmi\u015f ya\u011f, mevcut genital yap\u0131n\u0131n anatomik \u00f6zellikleri ve g\u00f6r\u00fcn\u00fcm\u00fcne g\u00f6re enjekte edilir.<\/p><p>As a result of environmental reasons and genetic factors, some differences are observed in genital structures. Bruising, swelling, curvature and some deformities in the appearance of the penis are noted. The methods used within the scope of penis enlargement treatment are listed as follows;<\/p><p>Penis Enlargement Operation<br \/>Penis Extension<br \/>Penis Curvature Correction<br \/>Penis Thickening<\/p><p><img decoding=\"async\" class=\"wp-image-54285 alignright\" src=\"https:\/\/serhatdonmezer.com\/wp-content\/uploads\/2023\/01\/penis-buyutme-operasyonu-343x240.jpg\" alt=\"Penis Enlargement Operation\" width=\"284\" height=\"199\" title=\"\" srcset=\"https:\/\/serhatdonmezer.com\/wp-content\/uploads\/2023\/01\/penis-buyutme-operasyonu-343x240.jpg 343w, https:\/\/serhatdonmezer.com\/wp-content\/uploads\/2023\/01\/penis-buyutme-operasyonu.jpg 612w\" sizes=\"(max-width: 284px) 100vw, 284px\" \/><\/p><h3>After Penis Enlargement Surgery<\/h3><p>There are some points that patients should pay attention to after the surgery. It is recommended to stay away from activities that require physical strength. The first weeks are very important to prevent damage to muscles and tissues. Factors such as the effect of the application on the person and its permanence come to the fore.<\/p><p>It is very important to do certain exercises for the first 3 months after penis lengthening surgery and to drink fluids as recommended after filler and thickening surgery. Products that cause edema should not be consumed. It is recommended to stay away from smoking and alcohol. In order to get the desired effect from the procedures, you need to take into account your doctor&#039;s warnings.<\/p><p>Additionally, clothing that will squeeze the operation area should be avoided during the day. It has become a prominent application in the field of genital aesthetics due to the advantages it provides to patients. Effective results are achieved thanks to new generation surgical methods. It is very important that the process progresses under the control of a competent and experienced specialist physician. <strong>penis enlargement<\/strong> You can contact us for your questions and detailed information about the surgery.<\/p>\t\t\t\t\t\t<\/div>\n\t\t\t\t<\/div>\n\t\t\t\t\t<\/div>\n\t\t<\/div>\n\t\t\t\t<div class=\"elementor-column elementor-col-50 elementor-top-column elementor-element elementor-element-a4352f3\" data-id=\"a4352f3\" data-element_type=\"column\">\n\t\t\t<div class=\"elementor-widget-wrap elementor-element-populated\">\n\t\t\t\t\t\t\t\t<div class=\"elementor-element elementor-element-ac16426 elementor-widget elementor-widget-sidebar\" data-id=\"ac16426\" data-element_type=\"widget\" data-widget_type=\"sidebar.default\">\n\t\t\t\t<div class=\"elementor-widget-container\">\n\t\t\t<section id=\"nav_menu-2\" class=\"widget widget_nav_menu\"><h5 class=\"widget-title\">Our treatments<\/h5><\/section><section id=\"block-2\" class=\"widget widget_block\">\r\n<div class=\"wp-block-contact-form-7-contact-form-selector\">\n<div class=\"wpcf7 no-js\" id=\"wpcf7-f37844-o1\" lang=\"en-US\" dir=\"ltr\" data-wpcf7-id=\"37844\">\n<div class=\"screen-reader-response\"><p role=\"status\" aria-live=\"polite\" aria-atomic=\"true\"><\/p> <ul><\/ul><\/div>\n<form action=\"\/en\/wp-json\/wp\/v2\/pages\/54260#wpcf7-f37844-o1\" method=\"post\" class=\"wpcf7-form init\" aria-label=\"contact form\" novalidate=\"novalidate\" data-status=\"init\" data-trp-original-action=\"\/en\/wp-json\/wp\/v2\/pages\/54260#wpcf7-f37844-o1\">\n<fieldset class=\"hidden-fields-container\"><input type=\"hidden\" name=\"_wpcf7\" value=\"37844\" \/><input type=\"hidden\" name=\"_wpcf7_version\" value=\"6.1.5\" \/><input type=\"hidden\" name=\"_wpcf7_locale\" value=\"en_US\" \/><input type=\"hidden\" name=\"_wpcf7_unit_tag\" value=\"wpcf7-f37844-o1\" \/><input type=\"hidden\" name=\"_wpcf7_container_post\" value=\"0\" \/><input type=\"hidden\" name=\"_wpcf7_posted_data_hash\" value=\"\" \/>\n<\/fieldset>\n<div class=\"book-appointment\">\n\t<div class=\"row\">\n\t\t<div class=\"col-lg-12 col-md-12 col-sm-12 col-xs-12\">\n\t\t\t<div class=\"form-row\">\n\t\t\t\t<p><span class=\"wpcf7-form-control-wrap\" data-name=\"text-958\"><input size=\"40\" maxlength=\"400\" class=\"wpcf7-form-control wpcf7-text wpcf7-validates-as-required\" aria-required=\"true\" aria-invalid=\"false\" placeholder=\"Name surname\" value=\"\" type=\"text\" name=\"text-958\" \/><\/span><span><i class=\"fa fa-user\" aria-hidden=\"true\"><\/i><\/span>\n\t\t\t\t<\/p>\n\t\t\t<\/div>\n\t\t<\/div>\n\t<\/div>\n\t<div class=\"row\">\n\t\t<div class=\"col-lg-12 col-md-12 col-sm-12 col-xs-12\">\n\t\t\t<div class=\"form-row\">\n\t\t\t\t<p><span class=\"wpcf7-form-control-wrap\" data-name=\"tel-477\"><input size=\"40\" maxlength=\"400\" class=\"wpcf7-form-control wpcf7-tel wpcf7-validates-as-required wpcf7-text wpcf7-validates-as-tel\" aria-required=\"true\" aria-invalid=\"false\" placeholder=\"Telephone\" value=\"\" type=\"tel\" name=\"tel-477\" \/><\/span><span><i class=\"fa fa-phone\" aria-hidden=\"true\"><\/i><\/span>\n\t\t\t\t<\/p>\n\t\t\t<\/div>\n\t\t<\/div>\n\t<\/div>\n\t<div class=\"row\">\n\t\t<div class=\"col-lg-12 col-md-12 col-sm-12 col-xs-12\">\n\t\t\t<div class=\"form-row\">\n\t\t\t\t<p><span class=\"wpcf7-form-control-wrap\" data-name=\"email-757\"><input size=\"40\" maxlength=\"400\" class=\"wpcf7-form-control wpcf7-email wpcf7-validates-as-required wpcf7-text wpcf7-validates-as-email\" aria-required=\"true\" aria-invalid=\"false\" placeholder=\"E-mail\" value=\"\" type=\"email\" name=\"email-757\" \/><\/span><span><i class=\"fa fa-envelope-o\" aria-hidden=\"true\"><\/i><\/span>\n\t\t\t\t<\/p>\n\t\t\t<\/div>\n\t\t<\/div>\n\t<\/div>\n\t<div class=\"row\">\n\t\t<div class=\"col-lg-12 col-md-12 col-sm-12 col-xs-12\">\n\t\t\t<div class=\"form-row\">\n\t\t\t\t<p><span class=\"wpcf7-form-control-wrap\" data-name=\"textarea-880\"><textarea cols=\"40\" rows=\"10\" maxlength=\"2000\" class=\"wpcf7-form-control wpcf7-textarea\" aria-invalid=\"false\" placeholder=\"Message\" name=\"textarea-880\"><\/textarea><\/span>\n\t\t\t\t<\/p>\n\t\t\t<\/div>\n\t\t<\/div>\n\t<\/div>\n\t<div class=\"row\">\n\t\t<div class=\"col-lg-12 col-md-12 col-sm-12 col-xs-12\">\n\t\t\t<div class=\"form-row\">\n\t\t\t\t<p><span class=\"wpcf7-form-control-wrap\" data-name=\"hcap-cf7\">\t\t<input\n\t\t\t\ttype=\"hidden\"\n\t\t\t\tclass=\"hcaptcha-widget-id\"\n\t\t\t\tname=\"hcaptcha-widget-id\"\n\t\t\t\tvalue=\"eyJzb3VyY2UiOlsiY29udGFjdC1mb3JtLTdcL3dwLWNvbnRhY3QtZm9ybS03LnBocCJdLCJmb3JtX2lkIjozNzg0NH0=-db23d87e42e46126f2768526b52cd8ef\">\n\t\t\t\t<span id=\"hcap_cf7-69eb2d7472aeb6.09372879\" class=\"wpcf7-form-control h-captcha\"\n\t\t\tdata-sitekey=\"2844963e-d3e5-4439-ae8e-c326baed8273\"\n\t\t\tdata-theme=\"light\"\n\t\t\tdata-size=\"normal\"\n\t\t\tdata-auto=\"false\"\n\t\t\tdata-ajax=\"false\"\n\t\t\tdata-force=\"false\">\n\t\t<\/span>\n\t\t<input type=\"hidden\" id=\"_wpnonce\" name=\"_wpnonce\" value=\"d03ae8a52a\" \/><input type=\"hidden\" name=\"_wp_http_referer\" value=\"\/en\/wp-json\/wp\/v2\/pages\/54260\" \/><\/span><input class=\"wpcf7-form-control wpcf7-submit has-spinner\" type=\"submit\" value=\"Send\" \/>\n\t\t\t\t<\/p>\n\t\t\t<\/div>\n\t\t<\/div>\n\t<\/div>\n<\/div><div class=\"wpcf7-response-output\" aria-hidden=\"true\"><\/div>\n<input type=\"hidden\" name=\"trp-form-language\" value=\"en\"\/><\/form>\n<\/div>\n<\/div>\r\n<\/section>\t\t<\/div>\n\t\t\t\t<\/div>\n\t\t\t\t\t<\/div>\n\t\t<\/div>\n\t\t\t\t\t\t\t<\/div>\n\t\t<\/section>\n\t\t\t\t\t\t\t<\/div>","protected":false},"excerpt":{"rendered":"<p>\u00a0 Genital aesthetics in men has been developing positively in recent years. It is noted that penis thickness positively affects sexual satisfaction. Penis enlargement surgery should be performed by urologists who are familiar with the anatomy, physiology and functional disorders of the region. Nowadays, there are positive and satisfactory developments in sexual health with new generation surgical methods. Depending on hereditary factors and anatomical characteristics, men&#039;s genital structures [\u2026]<\/p>","protected":false},"author":1,"featured_media":50355,"parent":0,"menu_order":0,"comment_status":"closed","ping_status":"closed","template":"elementor_header_footer","meta":{"_acf_changed":false,"footnotes":""},"class_list":["post-54260","page","type-page","status-publish","has-post-thumbnail","hentry"],"acf":[],"_links":{"self":[{"href":"https:\/\/serhatdonmezer.com\/en\/wp-json\/wp\/v2\/pages\/54260","targetHints":{"allow":["GET"]}}],"collection":[{"href":"https:\/\/serhatdonmezer.com\/en\/wp-json\/wp\/v2\/pages"}],"about":[{"href":"https:\/\/serhatdonmezer.com\/en\/wp-json\/wp\/v2\/types\/page"}],"author":[{"embeddable":true,"href":"https:\/\/serhatdonmezer.com\/en\/wp-json\/wp\/v2\/users\/1"}],"replies":[{"embeddable":true,"href":"https:\/\/serhatdonmezer.com\/en\/wp-json\/wp\/v2\/comments?post=54260"}],"version-history":[{"count":0,"href":"https:\/\/serhatdonmezer.com\/en\/wp-json\/wp\/v2\/pages\/54260\/revisions"}],"wp:featuredmedia":[{"embeddable":true,"href":"https:\/\/serhatdonmezer.com\/en\/wp-json\/wp\/v2\/media\/50355"}],"wp:attachment":[{"href":"https:\/\/serhatdonmezer.com\/en\/wp-json\/wp\/v2\/media?parent=54260"}],"curies":[{"name":"wp","href":"https:\/\/api.w.org\/{rel}","templated":true}]}}